{"id":4561,"date":"2020-03-31T10:38:18","date_gmt":"2020-03-31T10:38:18","guid":{"rendered":"https:\/\/thedesertvibes.com\/newtest\/?page_id=4561"},"modified":"2025-04-07T22:08:48","modified_gmt":"2025-04-07T22:08:48","slug":"terms-and-conditions","status":"publish","type":"page","link":"https:\/\/www.thedesertvibes.com\/de\/terms-and-conditions\/","title":{"rendered":"Allgemeine Gesch\u00e4ftsbedingungen"},"content":{"rendered":"<div data-elementor-type=\"wp-page\" data-elementor-id=\"4561\" class=\"elementor elementor-4561\">\n\t\t\t\t\t\t<section class=\"elementor-section elementor-top-section elementor-element elementor-element-df58eb2 elementor-section-boxed elementor-section-height-default elementor-section-height-default\" data-id=\"df58eb2\" data-element_type=\"section\" data-e-type=\"section\">\n\t\t\t\t\t\t<div class=\"elementor-container elementor-column-gap-default\">\n\t\t\t\t\t<div class=\"elementor-column elementor-col-100 elementor-top-column elementor-element elementor-element-002ce2b\" data-id=\"002ce2b\" data-element_type=\"column\" data-e-type=\"column\">\n\t\t\t<div class=\"elementor-widget-wrap elementor-element-populated\">\n\t\t\t\t\t\t<div class=\"elementor-element elementor-element-28deda5 elementor-widget elementor-widget-heading\" data-id=\"28deda5\" data-element_type=\"widget\" data-e-type=\"widget\" data-widget_type=\"heading.default\">\n\t\t\t\t<div class=\"elementor-widget-container\">\n\t\t\t\t\t<h1 class=\"elementor-heading-title elementor-size-default\">Bedingungen und Konditionen (07.04.2025)<\/h1>\t\t\t\t<\/div>\n\t\t\t\t<\/div>\n\t\t\t\t\t<\/div>\n\t\t<\/div>\n\t\t\t\t\t<\/div>\n\t\t<\/section>\n\t\t\t\t<section class=\"elementor-section elementor-top-section elementor-element elementor-element-7a30ffa elementor-section-boxed elementor-section-height-default elementor-section-height-default\" data-id=\"7a30ffa\" data-element_type=\"section\" data-e-type=\"section\">\n\t\t\t\t\t\t<div class=\"elementor-container elementor-column-gap-default\">\n\t\t\t\t\t<div class=\"elementor-column elementor-col-100 elementor-top-column elementor-element elementor-element-d093195\" data-id=\"d093195\" data-element_type=\"column\" data-e-type=\"column\">\n\t\t\t<div class=\"elementor-widget-wrap elementor-element-populated\">\n\t\t\t\t\t\t<div class=\"elementor-element elementor-element-e249d7c elementor-widget elementor-widget-text-editor\" data-id=\"e249d7c\" data-element_type=\"widget\" data-e-type=\"widget\" data-widget_type=\"text-editor.default\">\n\t\t\t\t<div class=\"elementor-widget-container\">\n\t\t\t\t\t\t\t\t\t<p>Willkommen auf der Website von <strong>Desert Vibes<\/strong>ein marokkanisches Reiseunternehmen. Durch die Nutzung dieser Website und\/oder die Buchung unserer Dienstleistungen erkl\u00e4ren Sie sich mit den folgenden Bestimmungen einverstanden <strong>Allgemeine Gesch\u00e4ftsbedingungen<\/strong>. Zusammen mit unserem <strong><a href=\"https:\/\/www.thedesertvibes.com\/de\/privacy-policy\/\">Datenschutzrichtlinie<\/a><\/strong> und <a href=\"https:\/\/www.thedesertvibes.com\/de\/terms-and-conditions\/\"><strong>Zahlung und R\u00fcckerstattung<\/strong><\/a>Diese Bedingungen regeln Ihre Beziehung zu Desert Vibes in Verbindung mit dieser Website und allen von uns angebotenen Dienstleistungen.<br \/><br \/><\/p><hr \/><h3 class=\"western\"><strong><br \/>1. Informationen zum Unternehmen<\/strong><\/h3><p><strong>W\u00fcsten-Vibes - <\/strong><strong>Dein W\u00fcstenerlebnis<\/strong><br \/>Eigent\u00fcmer: El Habib Naama<br \/>Eingetragener Sitz: Mhamid El Ghizlane, Marokko<br \/>E-Mail: <a href=\"mailto:thedesertvibes@gmail.com\">thedesertvibes@gmail.com<\/a><\/p><p class=\"western\">\u00a0<\/p><hr \/><h3 class=\"western\">\u00a0<\/h3><h3 class=\"western\"><strong>2. Buchung &amp; Vertragsabschluss<\/strong><\/h3><p><br \/>- Buchungen k\u00f6nnen nur von Personen vorgenommen werden, die <strong>18 Jahre oder \u00e4lter<\/strong>.<br \/>- <strong>Eltern oder Erziehungsberechtigte<\/strong> sind voll verantwortlich f\u00fcr jegliche <strong>Minderj\u00e4hrige<\/strong> die mit ihnen reisen.<br \/>- Eine Buchung wird <strong>verbindlich<\/strong> einmal pro <strong>Hinterlegung von 30%<\/strong> des Gesamtbetrags eingegangen ist. <br \/><br \/>Weitere Einzelheiten finden Sie in unserer <strong><a href=\"https:\/\/www.thedesertvibes.com\/de\/payment-and-refund-policy\/\">Zahlung und R\u00fcckerstattung<\/a><\/strong>.<\/p><h3 class=\"western\">\u00a0<\/h3><hr \/><h3><strong><br \/>3. Nutzung der Website<\/strong><\/h3><p><br \/>- Alle Inhalte und Angebote auf dieser Website sind <strong>\u00c4nderungen ohne Vorank\u00fcndigung vorbehalten<\/strong>.<br \/>- Der Inhalt wird nur zu Informationszwecken bereitgestellt und <strong>wir \u00fcbernehmen keine Garantie f\u00fcr deren Vollst\u00e4ndigkeit oder Richtigkeit<\/strong>.<br \/>- Die <strong>Design, Text und Bilder<\/strong> auf dieser Website sind <strong>urheberrechtlich gesch\u00fctzt<\/strong> und d\u00fcrfen ohne vorherige schriftliche Genehmigung nicht vervielf\u00e4ltigt werden.<br \/><br \/><\/p><hr \/><h3 class=\"western\"><strong><br \/>4. Datenschutz und Offenlegung von Daten<\/strong><\/h3><p><br \/>Nach marokkanischem Recht sind wir gesetzlich verpflichtet, bestimmte personenbezogene Daten zu erheben und an die zust\u00e4ndigen lokalen Beh\u00f6rden weiterzuleiten (z.B., <strong>K\u00f6nigliche Gendarmerie<\/strong>) als Teil des Reiseprozesses. Dies kann Folgendes umfassen:<br \/><br \/>- Vor- und Nachname<br \/>- Nummer des Reisepasses<br \/>- Dauer und Ort(e) des Aufenthalts<br \/><br \/><\/p><p>Weitere Einzelheiten dar\u00fcber, wie wir Ihre Daten verarbeiten und sch\u00fctzen, finden Sie in unserer <strong><a href=\"https:\/\/www.thedesertvibes.com\/de\/privacy-policy\/\">Datenschutzrichtlinie<\/a><\/strong>.<br \/><br \/><\/p><hr \/><h3 class=\"western\"><strong><br \/>5. Geltendes Recht und Gerichtsstand<\/strong><\/h3><p><br \/>Diese Gesch\u00e4ftsbedingungen unterliegen ausschlie\u00dflich dem Recht der <strong>K\u00f6nigreich Marokko<\/strong>. Sofern nicht anders vereinbart, ist der Gerichtsstand der <strong>eingetragener Gesch\u00e4ftssitz von Desert Vibes<\/strong> in Mhamid El Ghizlane.<br \/><br \/><\/p><hr \/><p>Sollten Sie Fragen zu diesen Bedingungen haben, k\u00f6nnen Sie sich gerne an uns wenden:<strong> <a href=\"mailto:thedesertvibes@gmail.com\">thedesertvibes@gmail.com<\/a><\/strong><\/p><p><br \/><br \/><\/p>\t\t\t\t\t\t\t\t<\/div>\n\t\t\t\t<\/div>\n\t\t\t\t\t<\/div>\n\t\t<\/div>\n\t\t\t\t\t<\/div>\n\t\t<\/section>\n\t\t\t\t<\/div>","protected":false},"excerpt":{"rendered":"<p>Terms and Conditions (07.04.2025) Welcome to the website of Desert Vibes, a Moroccan travel company. By using this website and\/or booking our services, you agree to be bound by the following Terms and Conditions. Together with our Privacy Policy and Payment &amp; Refund Policy, these terms govern your relationship with Desert Vibes in connection with [&hellip;]<\/p>\n","protected":false},"author":2,"featured_media":6887,"parent":0,"menu_order":0,"comment_status":"closed","ping_status":"closed","template":"elementor_header_footer","meta":{"footnotes":""},"class_list":["post-4561","page","type-page","status-publish","has-post-thumbnail","hentry"],"yoast_head":"<!-- This site is optimized with the Yoast SEO Premium plugin v27.4 (Yoast SEO v27.4) - https:\/\/yoast.com\/product\/yoast-seo-premium-wordpress\/ -->\n<title>Terms and Conditions - Authentic, Individual &amp; Private Desert Tours &amp; Camel Trekking<\/title>\n<meta name=\"robots\" content=\"index, follow, max-snippet:-1, max-image-preview:large, max-video-preview:-1\" \/>\n<link rel=\"canonical\" href=\"https:\/\/www.thedesertvibes.com\/de\/terms-and-conditions\/\" \/>\n<meta property=\"og:locale\" content=\"de_DE\" \/>\n<meta property=\"og:type\" content=\"article\" \/>\n<meta property=\"og:title\" content=\"Terms and Conditions\" \/>\n<meta property=\"og:description\" content=\"Terms and Conditions (07.04.2025) Welcome to the website of Desert Vibes, a Moroccan travel company. By using this website and\/or booking our services, you agree to be bound by the following Terms and Conditions. Together with our Privacy Policy and Payment &amp; Refund Policy, these terms govern your relationship with Desert Vibes in connection with [&hellip;]\" \/>\n<meta property=\"og:url\" content=\"https:\/\/www.thedesertvibes.com\/de\/terms-and-conditions\/\" \/>\n<meta property=\"og:site_name\" content=\"Authentic, Individual &amp; Private Desert Tours &amp; Camel Trekking\" \/>\n<meta property=\"article:modified_time\" content=\"2025-04-07T22:08:48+00:00\" \/>\n<meta property=\"og:image\" content=\"https:\/\/www.thedesertvibes.com\/wp-content\/uploads\/2024\/08\/DSCF2022-Enhanced-NR-1-scaled.jpg\" \/>\n\t<meta property=\"og:image:width\" content=\"2560\" \/>\n\t<meta property=\"og:image:height\" content=\"1707\" \/>\n\t<meta property=\"og:image:type\" content=\"image\/jpeg\" \/>\n<meta name=\"twitter:card\" content=\"summary_large_image\" \/>\n<meta name=\"twitter:label1\" content=\"Gesch\u00e4tzte Lesezeit\" \/>\n\t<meta name=\"twitter:data1\" content=\"2\u00a0Minuten\" \/>\n<script type=\"application\/ld+json\" class=\"yoast-schema-graph\">{\"@context\":\"https:\\\/\\\/schema.org\",\"@graph\":[{\"@type\":\"WebPage\",\"@id\":\"https:\\\/\\\/www.thedesertvibes.com\\\/terms-and-conditions\\\/\",\"url\":\"https:\\\/\\\/www.thedesertvibes.com\\\/terms-and-conditions\\\/\",\"name\":\"Terms and Conditions - Authentic, Individual &amp; Private Desert Tours &amp; Camel Trekking\",\"isPartOf\":{\"@id\":\"https:\\\/\\\/www.thedesertvibes.com\\\/#website\"},\"primaryImageOfPage\":{\"@id\":\"https:\\\/\\\/www.thedesertvibes.com\\\/terms-and-conditions\\\/#primaryimage\"},\"image\":{\"@id\":\"https:\\\/\\\/www.thedesertvibes.com\\\/terms-and-conditions\\\/#primaryimage\"},\"thumbnailUrl\":\"https:\\\/\\\/i0.wp.com\\\/www.thedesertvibes.com\\\/wp-content\\\/uploads\\\/2024\\\/08\\\/DSCF2022-Enhanced-NR-1-scaled.jpg?fit=2560%2C1707&ssl=1\",\"datePublished\":\"2020-03-31T10:38:18+00:00\",\"dateModified\":\"2025-04-07T22:08:48+00:00\",\"breadcrumb\":{\"@id\":\"https:\\\/\\\/www.thedesertvibes.com\\\/terms-and-conditions\\\/#breadcrumb\"},\"inLanguage\":\"de\",\"potentialAction\":[{\"@type\":\"ReadAction\",\"target\":[\"https:\\\/\\\/www.thedesertvibes.com\\\/terms-and-conditions\\\/\"]}]},{\"@type\":\"ImageObject\",\"inLanguage\":\"de\",\"@id\":\"https:\\\/\\\/www.thedesertvibes.com\\\/terms-and-conditions\\\/#primaryimage\",\"url\":\"https:\\\/\\\/i0.wp.com\\\/www.thedesertvibes.com\\\/wp-content\\\/uploads\\\/2024\\\/08\\\/DSCF2022-Enhanced-NR-1-scaled.jpg?fit=2560%2C1707&ssl=1\",\"contentUrl\":\"https:\\\/\\\/i0.wp.com\\\/www.thedesertvibes.com\\\/wp-content\\\/uploads\\\/2024\\\/08\\\/DSCF2022-Enhanced-NR-1-scaled.jpg?fit=2560%2C1707&ssl=1\",\"width\":2560,\"height\":1707,\"caption\":\"fire in the desert\"},{\"@type\":\"BreadcrumbList\",\"@id\":\"https:\\\/\\\/www.thedesertvibes.com\\\/terms-and-conditions\\\/#breadcrumb\",\"itemListElement\":[{\"@type\":\"ListItem\",\"position\":1,\"name\":\"Home\",\"item\":\"https:\\\/\\\/www.thedesertvibes.com\\\/\"},{\"@type\":\"ListItem\",\"position\":2,\"name\":\"Terms and Conditions\"}]},{\"@type\":\"WebSite\",\"@id\":\"https:\\\/\\\/www.thedesertvibes.com\\\/#website\",\"url\":\"https:\\\/\\\/www.thedesertvibes.com\\\/\",\"name\":\"Authentic, Individual & Private Desert Tours, Camel Trekking & Offroad Adventures\",\"description\":\"Desert Vibes\",\"publisher\":{\"@id\":\"https:\\\/\\\/www.thedesertvibes.com\\\/#organization\"},\"potentialAction\":[{\"@type\":\"SearchAction\",\"target\":{\"@type\":\"EntryPoint\",\"urlTemplate\":\"https:\\\/\\\/www.thedesertvibes.com\\\/?s={search_term_string}\"},\"query-input\":{\"@type\":\"PropertyValueSpecification\",\"valueRequired\":true,\"valueName\":\"search_term_string\"}}],\"inLanguage\":\"de\"},{\"@type\":\"Organization\",\"@id\":\"https:\\\/\\\/www.thedesertvibes.com\\\/#organization\",\"name\":\"DESERT VIBES\",\"url\":\"https:\\\/\\\/www.thedesertvibes.com\\\/\",\"logo\":{\"@type\":\"ImageObject\",\"inLanguage\":\"de\",\"@id\":\"https:\\\/\\\/www.thedesertvibes.com\\\/#\\\/schema\\\/logo\\\/image\\\/\",\"url\":\"https:\\\/\\\/i0.wp.com\\\/www.thedesertvibes.com\\\/wp-content\\\/uploads\\\/2023\\\/02\\\/logo-pour-fond-blanc.png?fit=1755%2C1242&quality=80&ssl=1\",\"contentUrl\":\"https:\\\/\\\/i0.wp.com\\\/www.thedesertvibes.com\\\/wp-content\\\/uploads\\\/2023\\\/02\\\/logo-pour-fond-blanc.png?fit=1755%2C1242&quality=80&ssl=1\",\"width\":1755,\"height\":1242,\"caption\":\"DESERT VIBES\"},\"image\":{\"@id\":\"https:\\\/\\\/www.thedesertvibes.com\\\/#\\\/schema\\\/logo\\\/image\\\/\"}}]}<\/script>\n<!-- \/ Yoast SEO Premium plugin. -->","yoast_head_json":{"title":"Allgemeine Gesch\u00e4ftsbedingungen - Authentische, individuelle &amp; private W\u00fcstentouren &amp; Kamel-Trekking","robots":{"index":"index","follow":"follow","max-snippet":"max-snippet:-1","max-image-preview":"max-image-preview:large","max-video-preview":"max-video-preview:-1"},"canonical":"https:\/\/www.thedesertvibes.com\/de\/terms-and-conditions\/","og_locale":"de_DE","og_type":"article","og_title":"Terms and Conditions","og_description":"Terms and Conditions (07.04.2025) Welcome to the website of Desert Vibes, a Moroccan travel company. By using this website and\/or booking our services, you agree to be bound by the following Terms and Conditions. Together with our Privacy Policy and Payment &amp; Refund Policy, these terms govern your relationship with Desert Vibes in connection with [&hellip;]","og_url":"https:\/\/www.thedesertvibes.com\/de\/terms-and-conditions\/","og_site_name":"Authentic, Individual &amp; Private Desert Tours &amp; Camel Trekking","article_modified_time":"2025-04-07T22:08:48+00:00","og_image":[{"width":2560,"height":1707,"url":"https:\/\/www.thedesertvibes.com\/wp-content\/uploads\/2024\/08\/DSCF2022-Enhanced-NR-1-scaled.jpg","type":"image\/jpeg"}],"twitter_card":"summary_large_image","twitter_misc":{"Gesch\u00e4tzte Lesezeit":"2\u00a0Minuten"},"schema":{"@context":"https:\/\/schema.org","@graph":[{"@type":"WebPage","@id":"https:\/\/www.thedesertvibes.com\/terms-and-conditions\/","url":"https:\/\/www.thedesertvibes.com\/terms-and-conditions\/","name":"Allgemeine Gesch\u00e4ftsbedingungen - Authentische, individuelle &amp; private W\u00fcstentouren &amp; Kamel-Trekking","isPartOf":{"@id":"https:\/\/www.thedesertvibes.com\/#website"},"primaryImageOfPage":{"@id":"https:\/\/www.thedesertvibes.com\/terms-and-conditions\/#primaryimage"},"image":{"@id":"https:\/\/www.thedesertvibes.com\/terms-and-conditions\/#primaryimage"},"thumbnailUrl":"https:\/\/i0.wp.com\/www.thedesertvibes.com\/wp-content\/uploads\/2024\/08\/DSCF2022-Enhanced-NR-1-scaled.jpg?fit=2560%2C1707&ssl=1","datePublished":"2020-03-31T10:38:18+00:00","dateModified":"2025-04-07T22:08:48+00:00","breadcrumb":{"@id":"https:\/\/www.thedesertvibes.com\/terms-and-conditions\/#breadcrumb"},"inLanguage":"de","potentialAction":[{"@type":"ReadAction","target":["https:\/\/www.thedesertvibes.com\/terms-and-conditions\/"]}]},{"@type":"ImageObject","inLanguage":"de","@id":"https:\/\/www.thedesertvibes.com\/terms-and-conditions\/#primaryimage","url":"https:\/\/i0.wp.com\/www.thedesertvibes.com\/wp-content\/uploads\/2024\/08\/DSCF2022-Enhanced-NR-1-scaled.jpg?fit=2560%2C1707&ssl=1","contentUrl":"https:\/\/i0.wp.com\/www.thedesertvibes.com\/wp-content\/uploads\/2024\/08\/DSCF2022-Enhanced-NR-1-scaled.jpg?fit=2560%2C1707&ssl=1","width":2560,"height":1707,"caption":"fire in the desert"},{"@type":"BreadcrumbList","@id":"https:\/\/www.thedesertvibes.com\/terms-and-conditions\/#breadcrumb","itemListElement":[{"@type":"ListItem","position":1,"name":"Home","item":"https:\/\/www.thedesertvibes.com\/"},{"@type":"ListItem","position":2,"name":"Terms and Conditions"}]},{"@type":"WebSite","@id":"https:\/\/www.thedesertvibes.com\/#website","url":"https:\/\/www.thedesertvibes.com\/","name":"Authentische, individuelle &amp; private W\u00fcstentouren, Kameltrekking &amp; Offroad-Abenteuer","description":"Desert Vibes","publisher":{"@id":"https:\/\/www.thedesertvibes.com\/#organization"},"potentialAction":[{"@type":"SearchAction","target":{"@type":"EntryPoint","urlTemplate":"https:\/\/www.thedesertvibes.com\/?s={search_term_string}"},"query-input":{"@type":"PropertyValueSpecification","valueRequired":true,"valueName":"search_term_string"}}],"inLanguage":"de"},{"@type":"Organization","@id":"https:\/\/www.thedesertvibes.com\/#organization","name":"DESERT VIBES","url":"https:\/\/www.thedesertvibes.com\/","logo":{"@type":"ImageObject","inLanguage":"de","@id":"https:\/\/www.thedesertvibes.com\/#\/schema\/logo\/image\/","url":"https:\/\/i0.wp.com\/www.thedesertvibes.com\/wp-content\/uploads\/2023\/02\/logo-pour-fond-blanc.png?fit=1755%2C1242&quality=80&ssl=1","contentUrl":"https:\/\/i0.wp.com\/www.thedesertvibes.com\/wp-content\/uploads\/2023\/02\/logo-pour-fond-blanc.png?fit=1755%2C1242&quality=80&ssl=1","width":1755,"height":1242,"caption":"DESERT VIBES"},"image":{"@id":"https:\/\/www.thedesertvibes.com\/#\/schema\/logo\/image\/"}}]}},"jetpack_sharing_enabled":true,"jetpack_shortlink":"https:\/\/wp.me\/PbmmAf-1bz","_links":{"self":[{"href":"https:\/\/www.thedesertvibes.com\/de\/wp-json\/wp\/v2\/pages\/4561","targetHints":{"allow":["GET"]}}],"collection":[{"href":"https:\/\/www.thedesertvibes.com\/de\/wp-json\/wp\/v2\/pages"}],"about":[{"href":"https:\/\/www.thedesertvibes.com\/de\/wp-json\/wp\/v2\/types\/page"}],"author":[{"embeddable":true,"href":"https:\/\/www.thedesertvibes.com\/de\/wp-json\/wp\/v2\/users\/2"}],"replies":[{"embeddable":true,"href":"https:\/\/www.thedesertvibes.com\/de\/wp-json\/wp\/v2\/comments?post=4561"}],"version-history":[{"count":1,"href":"https:\/\/www.thedesertvibes.com\/de\/wp-json\/wp\/v2\/pages\/4561\/revisions"}],"predecessor-version":[{"id":9615,"href":"https:\/\/www.thedesertvibes.com\/de\/wp-json\/wp\/v2\/pages\/4561\/revisions\/9615"}],"wp:featuredmedia":[{"embeddable":true,"href":"https:\/\/www.thedesertvibes.com\/de\/wp-json\/wp\/v2\/media\/6887"}],"wp:attachment":[{"href":"https:\/\/www.thedesertvibes.com\/de\/wp-json\/wp\/v2\/media?parent=4561"}],"curies":[{"name":"wp","href":"https:\/\/api.w.org\/{rel}","templated":true}]}}