{"id":4567,"date":"2020-03-31T10:53:00","date_gmt":"2020-03-31T10:53:00","guid":{"rendered":"https:\/\/thedesertvibes.com\/newtest\/?page_id=4567"},"modified":"2025-06-09T15:16:44","modified_gmt":"2025-06-09T15:16:44","slug":"payment-and-refund-policy","status":"publish","type":"page","link":"https:\/\/www.thedesertvibes.com\/de\/payment-and-refund-policy\/","title":{"rendered":"Zahlungs-\/R\u00fcckerstattungs-Richtlinien"},"content":{"rendered":"<div data-elementor-type=\"wp-page\" data-elementor-id=\"4567\" class=\"elementor elementor-4567\">\n\t\t\t\t\t\t<section class=\"elementor-section elementor-top-section elementor-element elementor-element-61ebc6f elementor-section-boxed elementor-section-height-default elementor-section-height-default\" data-id=\"61ebc6f\" data-element_type=\"section\" data-e-type=\"section\">\n\t\t\t\t\t\t<div class=\"elementor-container elementor-column-gap-default\">\n\t\t\t\t\t<div class=\"elementor-column elementor-col-100 elementor-top-column elementor-element elementor-element-72693ff\" data-id=\"72693ff\" data-element_type=\"column\" data-e-type=\"column\">\n\t\t\t<div class=\"elementor-widget-wrap elementor-element-populated\">\n\t\t\t\t\t\t<div class=\"elementor-element elementor-element-28a83f2 elementor-widget elementor-widget-heading\" data-id=\"28a83f2\" data-element_type=\"widget\" data-e-type=\"widget\" data-widget_type=\"heading.default\">\n\t\t\t\t<div class=\"elementor-widget-container\">\n\t\t\t\t\t<h1 class=\"elementor-heading-title elementor-size-default\">Zahlungs- und Erstattungsbedingungen (07.04.2025)<\/h1>\t\t\t\t<\/div>\n\t\t\t\t<\/div>\n\t\t\t\t\t<\/div>\n\t\t<\/div>\n\t\t\t\t\t<\/div>\n\t\t<\/section>\n\t\t\t\t<section class=\"elementor-section elementor-top-section elementor-element elementor-element-fdef4f8 elementor-section-boxed elementor-section-height-default elementor-section-height-default\" data-id=\"fdef4f8\" data-element_type=\"section\" data-e-type=\"section\">\n\t\t\t\t\t\t<div class=\"elementor-container elementor-column-gap-default\">\n\t\t\t\t\t<div class=\"elementor-column elementor-col-100 elementor-top-column elementor-element elementor-element-912ec65\" data-id=\"912ec65\" data-element_type=\"column\" data-e-type=\"column\">\n\t\t\t<div class=\"elementor-widget-wrap elementor-element-populated\">\n\t\t\t\t\t\t<div class=\"elementor-element elementor-element-6f96c2d elementor-widget elementor-widget-text-editor\" data-id=\"6f96c2d\" data-element_type=\"widget\" data-e-type=\"widget\" data-widget_type=\"text-editor.default\">\n\t\t\t\t<div class=\"elementor-widget-container\">\n\t\t\t\t\t\t\t\t\t<h3 class=\"western\"><strong><br \/>1. Bezahlung<\/strong><\/h3><p>Um eine Buchung zu best\u00e4tigen, muss ein <strong>nicht erstattungsf\u00e4hige Kaution von 30%<\/strong> des Gesamtpreises ist erforderlich. Dieser Vorschuss sichert Ihre Reservierung - insbesondere bei Drittanbietern wie Riads, W\u00fcstencamps oder Transportpartnern - und wird je nach Art der Reise und der verbleibenden Zeit bis zur Abreise berechnet. Die <strong>Restsaldo<\/strong> muss bezahlt werden <strong>bei der Ankunft in Marokko<\/strong>sp\u00e4testens vor Beginn des Dienstes durch eine der folgenden Zahlungsarten:<\/p><p><strong>\u00a0- Barzahlung in marokkanischen Dirham (MAD)<\/strong> Vor Ort<\/p><p><strong>\u00a0- Bank\u00fcberweisung in USD \/ GBP \/ CHF \/ EUR<\/strong> mit Transaktionsnachweis<\/p><p><strong>\u00a0- PayPal-Zahlung<\/strong> mit Best\u00e4tigung<\/p><p>In besonderen F\u00e4llen - insbesondere <strong>w\u00e4hrend der Hochsaison (z. B. Weihnachten, Neujahr)<\/strong> oder f\u00fcr <strong>ma\u00dfgeschneiderte private Arrangements<\/strong> - behalten wir uns das Recht vor, zu verlangen <strong>vollst\u00e4ndige Vorauszahlung<\/strong>die zum Zeitpunkt der Buchung klar mitgeteilt werden.<\/p><hr \/><h3><strong>2. Stornierung durch den Kunden<\/strong><\/h3><p>Die Stornierung muss schriftlich erfolgen <strong>schriftliche Form per E-Mail<\/strong> zu<strong><a href=\"mailto:thedesertvibes@gmail.com\">thedesertvibes@gmail.com<\/a><\/strong>. Erstattungen werden auf der Grundlage des Stornierungsdatums wie folgt bearbeitet:<\/p><p><strong>\u00a0- Bis zu 30 Tage vor der Abreise<\/strong>: <strong>70% Erstattung<\/strong>\u00a0<br \/><strong>\u00a0- 10 bis 29 Tage vor der Abreise<\/strong>: <strong>50% Erstattung<br \/>\u00a0- <\/strong><strong>Weniger als 10 Tage vor der Abreise<\/strong>: <strong>Keine Erstattung<\/strong><\/p><p>Diese Politik gilt <strong>unabh\u00e4ngig vom Grund der Stornierung<\/strong>. Wenn der Kunde beschlie\u00dft, die Reise zu stornieren oder zu beenden <strong>nach seinem Start<\/strong>F\u00fcr bereits erbrachte oder begonnene Leistungen wird keine Erstattung gew\u00e4hrt. F\u00fcr jede <strong>nicht in Anspruch genommene Dienstleistungen von Dritten<\/strong> (z.B. Riads, Camps, Transfers), bei denen wir eine Erstattung erhalten, leiten wir <strong>100% dieses Betrags<\/strong> f\u00fcr den Gast.<\/p><hr \/><h3 class=\"western\"><strong>3. Annullierung durch Desert Vibes<\/strong><\/h3><p>Wir behalten uns das Recht vor, eine Tour zu stornieren oder abzubrechen, wenn:<\/p><p>\u00a0- die <strong>die Sicherheit der Teilnehmer ist gef\u00e4hrdet<\/strong> (z. B. aufgrund politischer Unruhen, Unwetter oder gesundheitlicher Risiken)<br \/>\u00a0- Es gibt <strong>gesetzliche oder beh\u00f6rdliche Einschr\u00e4nkungen<\/strong> die uns am Betrieb hindern<br \/>\u00a0- <strong>h\u00f6here Gewalt<\/strong> eintritt (z. B. Naturkatastrophen, Erdbeben, Pandemien)<br \/>\u00a0- die <strong>der Wechselkurs schwankt mehr als 10%<\/strong> zu unserem Nachteil<\/p><p>In diesen F\u00e4llen bieten wir an:<br \/>- a <strong>vollst\u00e4ndige Erstattung<\/strong> aller erhaltenen Zahlungen oder ein <strong>Umbuchung<\/strong> f\u00fcr ein sp\u00e4teres Datum oder auf der Grundlage eines aktualisierten Wechselkurses<\/p><p>Wenn Teilnehmer <strong>respektloses oder unangemessenes Verhalten zeigen<\/strong> gegen\u00fcber unserem Team (z.B. Beschimpfungen oder unanst\u00e4ndiges Verhalten), behalten wir uns das Recht vor <strong>die Reise ohne Erstattung zu beenden<\/strong>.<\/p><hr \/><h3 class=\"western\"><strong><br \/>4. Besondere Hinweise<\/strong><\/h3><p>\u00a0- Die R\u00fcckerstattung erfolgt \u00fcber die urspr\u00fcngliche Zahlungsmethode (abz\u00fcglich etwaiger Transaktions- oder Bankgeb\u00fchren). <br \/>\u00a0- Zus\u00e4tzliche Geb\u00fchren k\u00f6nnen anfallen f\u00fcr <strong>internationale \u00dcberweisungen oder PayPal-Transaktionen<\/strong>die in der Verantwortung des Gastes liegen. <br \/>- Jegliche \u00c4nderungen oder Modifikationen (z. B. Namens\u00e4nderungen, Terminverschiebungen, Sonderw\u00fcnsche) unterliegen der \u00dcberpr\u00fcfung und <strong>k\u00f6nnen zus\u00e4tzliche Servicegeb\u00fchren anfallen<\/strong>.<\/p>\t\t\t\t\t\t\t\t<\/div>\n\t\t\t\t<\/div>\n\t\t\t\t\t<\/div>\n\t\t<\/div>\n\t\t\t\t\t<\/div>\n\t\t<\/section>\n\t\t\t\t<\/div>","protected":false},"excerpt":{"rendered":"<p>Payment and Refund Policy (07.04.2025) 1. Payment To confirm any booking, a non-refundable deposit of 30% of the total price is required. This advance secures your reservation \u2013 especially with third-party providers such as riads, desert camps or transport partners \u2013 and is calculated based on the nature of the trip and the time remaining [&hellip;]<\/p>\n","protected":false},"author":2,"featured_media":6887,"parent":0,"menu_order":0,"comment_status":"closed","ping_status":"closed","template":"elementor_header_footer","meta":{"footnotes":""},"class_list":["post-4567","page","type-page","status-publish","has-post-thumbnail","hentry"],"yoast_head":"<!-- This site is optimized with the Yoast SEO Premium plugin v27.4 (Yoast SEO v27.4) - https:\/\/yoast.com\/product\/yoast-seo-premium-wordpress\/ -->\n<title>Payment and Refund Policy - Authentic, Individual &amp; Private Desert Tours &amp; Camel Trekking<\/title>\n<meta name=\"robots\" content=\"index, follow, max-snippet:-1, max-image-preview:large, max-video-preview:-1\" \/>\n<link rel=\"canonical\" href=\"https:\/\/www.thedesertvibes.com\/de\/payment-and-refund-policy\/\" \/>\n<meta property=\"og:locale\" content=\"de_DE\" \/>\n<meta property=\"og:type\" content=\"article\" \/>\n<meta property=\"og:title\" content=\"Payment and Refund Policy\" \/>\n<meta property=\"og:description\" content=\"Payment and Refund Policy (07.04.2025) 1. Payment To confirm any booking, a non-refundable deposit of 30% of the total price is required. This advance secures your reservation \u2013 especially with third-party providers such as riads, desert camps or transport partners \u2013 and is calculated based on the nature of the trip and the time remaining [&hellip;]\" \/>\n<meta property=\"og:url\" content=\"https:\/\/www.thedesertvibes.com\/de\/payment-and-refund-policy\/\" \/>\n<meta property=\"og:site_name\" content=\"Authentic, Individual &amp; Private Desert Tours &amp; Camel Trekking\" \/>\n<meta property=\"article:modified_time\" content=\"2025-06-09T15:16:44+00:00\" \/>\n<meta property=\"og:image\" content=\"https:\/\/www.thedesertvibes.com\/wp-content\/uploads\/2024\/08\/DSCF2022-Enhanced-NR-1-scaled.jpg\" \/>\n\t<meta property=\"og:image:width\" content=\"2560\" \/>\n\t<meta property=\"og:image:height\" content=\"1707\" \/>\n\t<meta property=\"og:image:type\" content=\"image\/jpeg\" \/>\n<meta name=\"twitter:card\" content=\"summary_large_image\" \/>\n<meta name=\"twitter:label1\" content=\"Gesch\u00e4tzte Lesezeit\" \/>\n\t<meta name=\"twitter:data1\" content=\"2\u00a0Minuten\" \/>\n<script type=\"application\/ld+json\" class=\"yoast-schema-graph\">{\"@context\":\"https:\\\/\\\/schema.org\",\"@graph\":[{\"@type\":\"WebPage\",\"@id\":\"https:\\\/\\\/www.thedesertvibes.com\\\/payment-and-refund-policy\\\/\",\"url\":\"https:\\\/\\\/www.thedesertvibes.com\\\/payment-and-refund-policy\\\/\",\"name\":\"Payment and Refund Policy - Authentic, Individual &amp; Private Desert Tours &amp; Camel Trekking\",\"isPartOf\":{\"@id\":\"https:\\\/\\\/www.thedesertvibes.com\\\/#website\"},\"primaryImageOfPage\":{\"@id\":\"https:\\\/\\\/www.thedesertvibes.com\\\/payment-and-refund-policy\\\/#primaryimage\"},\"image\":{\"@id\":\"https:\\\/\\\/www.thedesertvibes.com\\\/payment-and-refund-policy\\\/#primaryimage\"},\"thumbnailUrl\":\"https:\\\/\\\/i0.wp.com\\\/www.thedesertvibes.com\\\/wp-content\\\/uploads\\\/2024\\\/08\\\/DSCF2022-Enhanced-NR-1-scaled.jpg?fit=2560%2C1707&ssl=1\",\"datePublished\":\"2020-03-31T10:53:00+00:00\",\"dateModified\":\"2025-06-09T15:16:44+00:00\",\"breadcrumb\":{\"@id\":\"https:\\\/\\\/www.thedesertvibes.com\\\/payment-and-refund-policy\\\/#breadcrumb\"},\"inLanguage\":\"de\",\"potentialAction\":[{\"@type\":\"ReadAction\",\"target\":[\"https:\\\/\\\/www.thedesertvibes.com\\\/payment-and-refund-policy\\\/\"]}]},{\"@type\":\"ImageObject\",\"inLanguage\":\"de\",\"@id\":\"https:\\\/\\\/www.thedesertvibes.com\\\/payment-and-refund-policy\\\/#primaryimage\",\"url\":\"https:\\\/\\\/i0.wp.com\\\/www.thedesertvibes.com\\\/wp-content\\\/uploads\\\/2024\\\/08\\\/DSCF2022-Enhanced-NR-1-scaled.jpg?fit=2560%2C1707&ssl=1\",\"contentUrl\":\"https:\\\/\\\/i0.wp.com\\\/www.thedesertvibes.com\\\/wp-content\\\/uploads\\\/2024\\\/08\\\/DSCF2022-Enhanced-NR-1-scaled.jpg?fit=2560%2C1707&ssl=1\",\"width\":2560,\"height\":1707,\"caption\":\"fire in the desert\"},{\"@type\":\"BreadcrumbList\",\"@id\":\"https:\\\/\\\/www.thedesertvibes.com\\\/payment-and-refund-policy\\\/#breadcrumb\",\"itemListElement\":[{\"@type\":\"ListItem\",\"position\":1,\"name\":\"Home\",\"item\":\"https:\\\/\\\/www.thedesertvibes.com\\\/\"},{\"@type\":\"ListItem\",\"position\":2,\"name\":\"Payment and Refund Policy\"}]},{\"@type\":\"WebSite\",\"@id\":\"https:\\\/\\\/www.thedesertvibes.com\\\/#website\",\"url\":\"https:\\\/\\\/www.thedesertvibes.com\\\/\",\"name\":\"Authentic, Individual & Private Desert Tours, Camel Trekking & Offroad Adventures\",\"description\":\"Desert Vibes\",\"publisher\":{\"@id\":\"https:\\\/\\\/www.thedesertvibes.com\\\/#organization\"},\"potentialAction\":[{\"@type\":\"SearchAction\",\"target\":{\"@type\":\"EntryPoint\",\"urlTemplate\":\"https:\\\/\\\/www.thedesertvibes.com\\\/?s={search_term_string}\"},\"query-input\":{\"@type\":\"PropertyValueSpecification\",\"valueRequired\":true,\"valueName\":\"search_term_string\"}}],\"inLanguage\":\"de\"},{\"@type\":\"Organization\",\"@id\":\"https:\\\/\\\/www.thedesertvibes.com\\\/#organization\",\"name\":\"DESERT VIBES\",\"url\":\"https:\\\/\\\/www.thedesertvibes.com\\\/\",\"logo\":{\"@type\":\"ImageObject\",\"inLanguage\":\"de\",\"@id\":\"https:\\\/\\\/www.thedesertvibes.com\\\/#\\\/schema\\\/logo\\\/image\\\/\",\"url\":\"https:\\\/\\\/i0.wp.com\\\/www.thedesertvibes.com\\\/wp-content\\\/uploads\\\/2023\\\/02\\\/logo-pour-fond-blanc.png?fit=1755%2C1242&quality=80&ssl=1\",\"contentUrl\":\"https:\\\/\\\/i0.wp.com\\\/www.thedesertvibes.com\\\/wp-content\\\/uploads\\\/2023\\\/02\\\/logo-pour-fond-blanc.png?fit=1755%2C1242&quality=80&ssl=1\",\"width\":1755,\"height\":1242,\"caption\":\"DESERT VIBES\"},\"image\":{\"@id\":\"https:\\\/\\\/www.thedesertvibes.com\\\/#\\\/schema\\\/logo\\\/image\\\/\"}}]}<\/script>\n<!-- \/ Yoast SEO Premium plugin. -->","yoast_head_json":{"title":"Zahlungs- und R\u00fcckerstattungsbedingungen - Authentische, individuelle &amp; private W\u00fcstentouren &amp; Kamel-Trekking","robots":{"index":"index","follow":"follow","max-snippet":"max-snippet:-1","max-image-preview":"max-image-preview:large","max-video-preview":"max-video-preview:-1"},"canonical":"https:\/\/www.thedesertvibes.com\/de\/payment-and-refund-policy\/","og_locale":"de_DE","og_type":"article","og_title":"Payment and Refund Policy","og_description":"Payment and Refund Policy (07.04.2025) 1. Payment To confirm any booking, a non-refundable deposit of 30% of the total price is required. This advance secures your reservation \u2013 especially with third-party providers such as riads, desert camps or transport partners \u2013 and is calculated based on the nature of the trip and the time remaining [&hellip;]","og_url":"https:\/\/www.thedesertvibes.com\/de\/payment-and-refund-policy\/","og_site_name":"Authentic, Individual &amp; Private Desert Tours &amp; Camel Trekking","article_modified_time":"2025-06-09T15:16:44+00:00","og_image":[{"width":2560,"height":1707,"url":"https:\/\/www.thedesertvibes.com\/wp-content\/uploads\/2024\/08\/DSCF2022-Enhanced-NR-1-scaled.jpg","type":"image\/jpeg"}],"twitter_card":"summary_large_image","twitter_misc":{"Gesch\u00e4tzte Lesezeit":"2\u00a0Minuten"},"schema":{"@context":"https:\/\/schema.org","@graph":[{"@type":"WebPage","@id":"https:\/\/www.thedesertvibes.com\/payment-and-refund-policy\/","url":"https:\/\/www.thedesertvibes.com\/payment-and-refund-policy\/","name":"Zahlungs- und R\u00fcckerstattungsbedingungen - Authentische, individuelle &amp; private W\u00fcstentouren &amp; Kamel-Trekking","isPartOf":{"@id":"https:\/\/www.thedesertvibes.com\/#website"},"primaryImageOfPage":{"@id":"https:\/\/www.thedesertvibes.com\/payment-and-refund-policy\/#primaryimage"},"image":{"@id":"https:\/\/www.thedesertvibes.com\/payment-and-refund-policy\/#primaryimage"},"thumbnailUrl":"https:\/\/i0.wp.com\/www.thedesertvibes.com\/wp-content\/uploads\/2024\/08\/DSCF2022-Enhanced-NR-1-scaled.jpg?fit=2560%2C1707&ssl=1","datePublished":"2020-03-31T10:53:00+00:00","dateModified":"2025-06-09T15:16:44+00:00","breadcrumb":{"@id":"https:\/\/www.thedesertvibes.com\/payment-and-refund-policy\/#breadcrumb"},"inLanguage":"de","potentialAction":[{"@type":"ReadAction","target":["https:\/\/www.thedesertvibes.com\/payment-and-refund-policy\/"]}]},{"@type":"ImageObject","inLanguage":"de","@id":"https:\/\/www.thedesertvibes.com\/payment-and-refund-policy\/#primaryimage","url":"https:\/\/i0.wp.com\/www.thedesertvibes.com\/wp-content\/uploads\/2024\/08\/DSCF2022-Enhanced-NR-1-scaled.jpg?fit=2560%2C1707&ssl=1","contentUrl":"https:\/\/i0.wp.com\/www.thedesertvibes.com\/wp-content\/uploads\/2024\/08\/DSCF2022-Enhanced-NR-1-scaled.jpg?fit=2560%2C1707&ssl=1","width":2560,"height":1707,"caption":"fire in the desert"},{"@type":"BreadcrumbList","@id":"https:\/\/www.thedesertvibes.com\/payment-and-refund-policy\/#breadcrumb","itemListElement":[{"@type":"ListItem","position":1,"name":"Home","item":"https:\/\/www.thedesertvibes.com\/"},{"@type":"ListItem","position":2,"name":"Payment and Refund Policy"}]},{"@type":"WebSite","@id":"https:\/\/www.thedesertvibes.com\/#website","url":"https:\/\/www.thedesertvibes.com\/","name":"Authentische, individuelle &amp; private W\u00fcstentouren, Kameltrekking &amp; Offroad-Abenteuer","description":"Desert Vibes","publisher":{"@id":"https:\/\/www.thedesertvibes.com\/#organization"},"potentialAction":[{"@type":"SearchAction","target":{"@type":"EntryPoint","urlTemplate":"https:\/\/www.thedesertvibes.com\/?s={search_term_string}"},"query-input":{"@type":"PropertyValueSpecification","valueRequired":true,"valueName":"search_term_string"}}],"inLanguage":"de"},{"@type":"Organization","@id":"https:\/\/www.thedesertvibes.com\/#organization","name":"DESERT VIBES","url":"https:\/\/www.thedesertvibes.com\/","logo":{"@type":"ImageObject","inLanguage":"de","@id":"https:\/\/www.thedesertvibes.com\/#\/schema\/logo\/image\/","url":"https:\/\/i0.wp.com\/www.thedesertvibes.com\/wp-content\/uploads\/2023\/02\/logo-pour-fond-blanc.png?fit=1755%2C1242&quality=80&ssl=1","contentUrl":"https:\/\/i0.wp.com\/www.thedesertvibes.com\/wp-content\/uploads\/2023\/02\/logo-pour-fond-blanc.png?fit=1755%2C1242&quality=80&ssl=1","width":1755,"height":1242,"caption":"DESERT VIBES"},"image":{"@id":"https:\/\/www.thedesertvibes.com\/#\/schema\/logo\/image\/"}}]}},"jetpack_sharing_enabled":true,"jetpack_shortlink":"https:\/\/wp.me\/PbmmAf-1bF","_links":{"self":[{"href":"https:\/\/www.thedesertvibes.com\/de\/wp-json\/wp\/v2\/pages\/4567","targetHints":{"allow":["GET"]}}],"collection":[{"href":"https:\/\/www.thedesertvibes.com\/de\/wp-json\/wp\/v2\/pages"}],"about":[{"href":"https:\/\/www.thedesertvibes.com\/de\/wp-json\/wp\/v2\/types\/page"}],"author":[{"embeddable":true,"href":"https:\/\/www.thedesertvibes.com\/de\/wp-json\/wp\/v2\/users\/2"}],"replies":[{"embeddable":true,"href":"https:\/\/www.thedesertvibes.com\/de\/wp-json\/wp\/v2\/comments?post=4567"}],"version-history":[{"count":0,"href":"https:\/\/www.thedesertvibes.com\/de\/wp-json\/wp\/v2\/pages\/4567\/revisions"}],"wp:featuredmedia":[{"embeddable":true,"href":"https:\/\/www.thedesertvibes.com\/de\/wp-json\/wp\/v2\/media\/6887"}],"wp:attachment":[{"href":"https:\/\/www.thedesertvibes.com\/de\/wp-json\/wp\/v2\/media?parent=4567"}],"curies":[{"name":"wp","href":"https:\/\/api.w.org\/{rel}","templated":true}]}}