{"id":4570,"date":"2020-03-31T11:01:23","date_gmt":"2020-03-31T11:01:23","guid":{"rendered":"https:\/\/thedesertvibes.com\/newtest\/?page_id=4570"},"modified":"2025-04-07T22:02:16","modified_gmt":"2025-04-07T22:02:16","slug":"privacy-policy","status":"publish","type":"page","link":"https:\/\/www.thedesertvibes.com\/de\/privacy-policy\/","title":{"rendered":"Datenschutzrichtlinie"},"content":{"rendered":"<div data-elementor-type=\"wp-page\" data-elementor-id=\"4570\" class=\"elementor elementor-4570\">\n\t\t\t\t\t\t<section class=\"elementor-section elementor-top-section elementor-element elementor-element-a3f5a65 elementor-section-boxed elementor-section-height-default elementor-section-height-default\" data-id=\"a3f5a65\" data-element_type=\"section\" data-e-type=\"section\">\n\t\t\t\t\t\t<div class=\"elementor-container elementor-column-gap-default\">\n\t\t\t\t\t<div class=\"elementor-column elementor-col-100 elementor-top-column elementor-element elementor-element-72572b3\" data-id=\"72572b3\" data-element_type=\"column\" data-e-type=\"column\">\n\t\t\t<div class=\"elementor-widget-wrap elementor-element-populated\">\n\t\t\t\t\t\t<div class=\"elementor-element elementor-element-322e248 elementor-widget elementor-widget-heading\" data-id=\"322e248\" data-element_type=\"widget\" data-e-type=\"widget\" data-widget_type=\"heading.default\">\n\t\t\t\t<div class=\"elementor-widget-container\">\n\t\t\t\t\t<h1 class=\"elementor-heading-title elementor-size-default\">Datenschutzrichtlinie (07.04.2025)<\/h1>\t\t\t\t<\/div>\n\t\t\t\t<\/div>\n\t\t\t\t\t<\/div>\n\t\t<\/div>\n\t\t\t\t\t<\/div>\n\t\t<\/section>\n\t\t\t\t<section class=\"elementor-section elementor-top-section elementor-element elementor-element-47774a3 elementor-section-boxed elementor-section-height-default elementor-section-height-default\" data-id=\"47774a3\" data-element_type=\"section\" data-e-type=\"section\">\n\t\t\t\t\t\t<div class=\"elementor-container elementor-column-gap-default\">\n\t\t\t\t\t<div class=\"elementor-column elementor-col-100 elementor-top-column elementor-element elementor-element-4304342\" data-id=\"4304342\" data-element_type=\"column\" data-e-type=\"column\">\n\t\t\t<div class=\"elementor-widget-wrap elementor-element-populated\">\n\t\t\t\t\t\t<div class=\"elementor-element elementor-element-c19153c elementor-widget elementor-widget-text-editor\" data-id=\"c19153c\" data-element_type=\"widget\" data-e-type=\"widget\" data-widget_type=\"text-editor.default\">\n\t\t\t\t<div class=\"elementor-widget-container\">\n\t\t\t\t\t\t\t\t\t<p>Diese Datenschutzerkl\u00e4rung informiert Sie \u00fcber die Erhebung, Verarbeitung und Nutzung personenbezogener Daten beim Besuch unserer Website oder bei der Nutzung unserer Dienste.<br \/><br \/><\/p><h3 class=\"western\"><strong>1. Data Controller<\/strong><\/h3><p><strong>Desert Vibes<\/strong><br \/>Post: <a href=\"mailto:thedesertvibes@gmail.com\">thedesertvibes@gmail.com\u00a0<\/a><\/p><h3 class=\"western\">\u00a0<\/h3><hr \/><p>\u00a0<\/p><h3 class=\"western\"><strong>2. Welche Daten sammeln wir?<\/strong><\/h3><p><br \/>Wir erfassen die folgenden personenbezogenen Daten, wenn Sie unsere Website besuchen oder eine Tour buchen:<br \/>- Vor- und Nachname<br \/>- E-Mail Adresse<br \/>- Rufnummer<br \/>- Nutzungsdaten (z. B. besuchte Seiten, Datum, Uhrzeit, Aufenthaltsdauer)<br \/><br \/>In \u00dcbereinstimmung mit den gesetzlichen Bestimmungen in Marokko k\u00f6nnen wir f\u00fcr die Organisation Ihrer Reise auch die folgenden Daten erheben:<br \/>- Nummer des Reisepasses<br \/>- Orte und Dauer des Aufenthalts<\/p><h3 class=\"western\">\u00a0<\/h3><hr \/><p>\u00a0<\/p><h3 class=\"western\"><strong>3. Zweck der Datenverarbeitung<\/strong><\/h3><p><br \/>Wir verarbeiten Ihre Daten ausschlie\u00dflich zu den folgenden Zwecken:<br \/>- Ihre gebuchte Tour zu organisieren und durchzuf\u00fchren<br \/>- Um mit Ihnen zu kommunizieren (z. B. Buchungsbest\u00e4tigung, Updates)<br \/>- Kundenbetreuung vor, w\u00e4hrend und nach der Reise<br \/>- Um unsere Website zu verbessern und zu analysieren (z. B. Statistiken, Werbung)<\/p><h3 class=\"western\">\u00a0<\/h3><hr \/><p>\u00a0<\/p><h3 class=\"western\"><strong>4. Offenlegung gegen\u00fcber Dritten<\/strong><\/h3><p><br \/>Wir geben Ihre Daten nur weiter, wenn es notwendig ist, zum Beispiel an:<br \/><br \/>- Marokkanische Beh\u00f6rden (z. B. Gendarmerie f\u00fcr die Registrierung)<br \/>- Unterkunftsanbieter, W\u00fcstencamps und Transportunternehmen<br \/>- IT-Dienstleister und Plattformen wie z. B.: <strong>Google Analytics<\/strong> zur Analyse des Nutzerverhaltens, <strong>Google-Anzeigen<\/strong> f\u00fcr gezielte Werbung, <strong>Meta\/Facebook Pixel und Instagram-Insights<\/strong> f\u00fcr Reichweite und Marketingleistung<br \/><br \/>Bitte beachten Sie, dass Daten in Nicht-EU-L\u00e4nder (z. B. in die Vereinigten Staaten) \u00fcbermittelt werden k\u00f6nnen. In solchen F\u00e4llen erf\u00fcllen wir die Anforderungen der Artikel 44-49 der Datenschutz-Grundverordnung.<\/p><h3 class=\"western\">\u00a0<\/h3><hr \/><p>\u00a0<\/p><h3 class=\"western\"><strong>5. Verwendung von Fotos und Videos<\/strong><\/h3><p><br \/>Fotos und Videos k\u00f6nnen w\u00e4hrend unserer Touren aufgenommen und f\u00fcr folgende Zwecke verwendet werden <strong>unsere eigenen Marketingzwecke<\/strong> (Website, soziale Medien, Flugbl\u00e4tter usw.).<br \/>Wenn Sie <strong>nicht w\u00fcnschen, in solchen Materialien zu erscheinen<\/strong>benachrichtigen Sie uns bitte <strong>schriftlich vor Antritt der Reise<\/strong> per E-Mail:<br \/><a href=\"mailto:thedesertvibes@gmail.com\">thedesertvibes@gmail.com\u00a0<\/a><\/p><h3 class=\"western\">\u00a0<\/h3><hr \/><h3 class=\"western\"><strong><br \/>6. Cookies &amp; Tracking<\/strong><\/h3><p>Unsere Website verwendet Cookies, um Ihr Erlebnis zu verbessern. Sie k\u00f6nnen die Cookie-Einstellungen in Ihrem Browser jederzeit anpassen oder ablehnen.<\/p><h3 class=\"western\">\u00a0<\/h3><hr \/><p>\u00a0<\/p><h3 class=\"western\"><strong>7. Ihre Rechte nach der GDPR<\/strong><\/h3><p>Sie haben das Recht dazu:<br \/>- Zugang zu Ihren pers\u00f6nlichen Daten (Art. 15 GDPR)<br \/>- Berichtigung unrichtiger Informationen (Art. 16 GDPR)<br \/>- die L\u00f6schung Ihrer Daten zu verlangen (Art. 17 GDPR)<br \/>- die Verarbeitung Ihrer Daten einzuschr\u00e4nken (Art. 18 GDPR)<br \/>- Antrag auf Daten\u00fcbertragbarkeit (Art. 20 GDPR)<br \/>- Widerspruch gegen die Datenverarbeitung (Art. 21 GDPR)<br \/><br \/><\/p><p>Um Ihre Rechte auszu\u00fcben, kontaktieren Sie uns bitte per E-Mail.<\/p><h3 class=\"western\">\u00a0<\/h3><hr \/><p>\u00a0<\/p><h3 class=\"western\"><strong>8. Minderj\u00e4hrige<\/strong><\/h3><p>Unsere Dienstleistungen sind nicht f\u00fcr Personen unter 18 Jahren bestimmt. Buchungen k\u00f6nnen nur von Erwachsenen vorgenommen werden.<\/p><h3 class=\"western\">\u00a0<\/h3><hr \/><p>\u00a0<\/p><h3 class=\"western\"><strong>9. \u00c4nderungen an dieser Politik<\/strong><\/h3><p>Wir behalten uns das Recht vor, diese Datenschutzrichtlinie bei Bedarf zu aktualisieren. Es gilt die zum Zeitpunkt der Nutzung auf unserer Website ver\u00f6ffentlichte Version.<br \/><br \/><\/p>\t\t\t\t\t\t\t\t<\/div>\n\t\t\t\t<\/div>\n\t\t\t\t\t<\/div>\n\t\t<\/div>\n\t\t\t\t\t<\/div>\n\t\t<\/section>\n\t\t\t\t<\/div>","protected":false},"excerpt":{"rendered":"<p>Privacy Policy (07.04.2025) This privacy policy informs you about the collection, processing, and use of personal data when visiting our website or using our services. 1. Data Controller Desert VibesMail: thedesertvibes@gmail.com\u00a0 \u00a0 \u00a0 2. What data do we collect? We collect the following personal data when you visit our website or book a tour:&#8211; First [&hellip;]<\/p>\n","protected":false},"author":2,"featured_media":6887,"parent":0,"menu_order":0,"comment_status":"closed","ping_status":"closed","template":"elementor_header_footer","meta":{"footnotes":""},"class_list":["post-4570","page","type-page","status-publish","has-post-thumbnail","hentry"],"yoast_head":"<!-- This site is optimized with the Yoast SEO Premium plugin v27.4 (Yoast SEO v27.4) - https:\/\/yoast.com\/product\/yoast-seo-premium-wordpress\/ -->\n<title>Privacy Policy - Authentic, Individual &amp; Private Desert Tours &amp; Camel Trekking<\/title>\n<meta name=\"robots\" content=\"index, follow, max-snippet:-1, max-image-preview:large, max-video-preview:-1\" \/>\n<link rel=\"canonical\" href=\"https:\/\/www.thedesertvibes.com\/de\/privacy-policy\/\" \/>\n<meta property=\"og:locale\" content=\"de_DE\" \/>\n<meta property=\"og:type\" content=\"article\" \/>\n<meta property=\"og:title\" content=\"Privacy Policy\" \/>\n<meta property=\"og:description\" content=\"Privacy Policy (07.04.2025) This privacy policy informs you about the collection, processing, and use of personal data when visiting our website or using our services. 1. Data Controller Desert VibesMail: thedesertvibes@gmail.com\u00a0 \u00a0 \u00a0 2. What data do we collect? We collect the following personal data when you visit our website or book a tour:&#8211; First [&hellip;]\" \/>\n<meta property=\"og:url\" content=\"https:\/\/www.thedesertvibes.com\/de\/privacy-policy\/\" \/>\n<meta property=\"og:site_name\" content=\"Authentic, Individual &amp; Private Desert Tours &amp; Camel Trekking\" \/>\n<meta property=\"article:modified_time\" content=\"2025-04-07T22:02:16+00:00\" \/>\n<meta property=\"og:image\" content=\"https:\/\/www.thedesertvibes.com\/wp-content\/uploads\/2024\/08\/DSCF2022-Enhanced-NR-1-scaled.jpg\" \/>\n\t<meta property=\"og:image:width\" content=\"2560\" \/>\n\t<meta property=\"og:image:height\" content=\"1707\" \/>\n\t<meta property=\"og:image:type\" content=\"image\/jpeg\" \/>\n<meta name=\"twitter:card\" content=\"summary_large_image\" \/>\n<meta name=\"twitter:label1\" content=\"Gesch\u00e4tzte Lesezeit\" \/>\n\t<meta name=\"twitter:data1\" content=\"2\u00a0Minuten\" \/>\n<script type=\"application\/ld+json\" class=\"yoast-schema-graph\">{\"@context\":\"https:\\\/\\\/schema.org\",\"@graph\":[{\"@type\":\"WebPage\",\"@id\":\"https:\\\/\\\/www.thedesertvibes.com\\\/privacy-policy\\\/\",\"url\":\"https:\\\/\\\/www.thedesertvibes.com\\\/privacy-policy\\\/\",\"name\":\"Privacy Policy - Authentic, Individual &amp; Private Desert Tours &amp; Camel Trekking\",\"isPartOf\":{\"@id\":\"https:\\\/\\\/www.thedesertvibes.com\\\/#website\"},\"primaryImageOfPage\":{\"@id\":\"https:\\\/\\\/www.thedesertvibes.com\\\/privacy-policy\\\/#primaryimage\"},\"image\":{\"@id\":\"https:\\\/\\\/www.thedesertvibes.com\\\/privacy-policy\\\/#primaryimage\"},\"thumbnailUrl\":\"https:\\\/\\\/i0.wp.com\\\/www.thedesertvibes.com\\\/wp-content\\\/uploads\\\/2024\\\/08\\\/DSCF2022-Enhanced-NR-1-scaled.jpg?fit=2560%2C1707&ssl=1\",\"datePublished\":\"2020-03-31T11:01:23+00:00\",\"dateModified\":\"2025-04-07T22:02:16+00:00\",\"breadcrumb\":{\"@id\":\"https:\\\/\\\/www.thedesertvibes.com\\\/privacy-policy\\\/#breadcrumb\"},\"inLanguage\":\"de\",\"potentialAction\":[{\"@type\":\"ReadAction\",\"target\":[\"https:\\\/\\\/www.thedesertvibes.com\\\/privacy-policy\\\/\"]}]},{\"@type\":\"ImageObject\",\"inLanguage\":\"de\",\"@id\":\"https:\\\/\\\/www.thedesertvibes.com\\\/privacy-policy\\\/#primaryimage\",\"url\":\"https:\\\/\\\/i0.wp.com\\\/www.thedesertvibes.com\\\/wp-content\\\/uploads\\\/2024\\\/08\\\/DSCF2022-Enhanced-NR-1-scaled.jpg?fit=2560%2C1707&ssl=1\",\"contentUrl\":\"https:\\\/\\\/i0.wp.com\\\/www.thedesertvibes.com\\\/wp-content\\\/uploads\\\/2024\\\/08\\\/DSCF2022-Enhanced-NR-1-scaled.jpg?fit=2560%2C1707&ssl=1\",\"width\":2560,\"height\":1707,\"caption\":\"fire in the desert\"},{\"@type\":\"BreadcrumbList\",\"@id\":\"https:\\\/\\\/www.thedesertvibes.com\\\/privacy-policy\\\/#breadcrumb\",\"itemListElement\":[{\"@type\":\"ListItem\",\"position\":1,\"name\":\"Home\",\"item\":\"https:\\\/\\\/www.thedesertvibes.com\\\/\"},{\"@type\":\"ListItem\",\"position\":2,\"name\":\"Privacy Policy\"}]},{\"@type\":\"WebSite\",\"@id\":\"https:\\\/\\\/www.thedesertvibes.com\\\/#website\",\"url\":\"https:\\\/\\\/www.thedesertvibes.com\\\/\",\"name\":\"Authentic, Individual & Private Desert Tours, Camel Trekking & Offroad Adventures\",\"description\":\"Desert Vibes\",\"publisher\":{\"@id\":\"https:\\\/\\\/www.thedesertvibes.com\\\/#organization\"},\"potentialAction\":[{\"@type\":\"SearchAction\",\"target\":{\"@type\":\"EntryPoint\",\"urlTemplate\":\"https:\\\/\\\/www.thedesertvibes.com\\\/?s={search_term_string}\"},\"query-input\":{\"@type\":\"PropertyValueSpecification\",\"valueRequired\":true,\"valueName\":\"search_term_string\"}}],\"inLanguage\":\"de\"},{\"@type\":\"Organization\",\"@id\":\"https:\\\/\\\/www.thedesertvibes.com\\\/#organization\",\"name\":\"DESERT VIBES\",\"url\":\"https:\\\/\\\/www.thedesertvibes.com\\\/\",\"logo\":{\"@type\":\"ImageObject\",\"inLanguage\":\"de\",\"@id\":\"https:\\\/\\\/www.thedesertvibes.com\\\/#\\\/schema\\\/logo\\\/image\\\/\",\"url\":\"https:\\\/\\\/i0.wp.com\\\/www.thedesertvibes.com\\\/wp-content\\\/uploads\\\/2023\\\/02\\\/logo-pour-fond-blanc.png?fit=1755%2C1242&quality=80&ssl=1\",\"contentUrl\":\"https:\\\/\\\/i0.wp.com\\\/www.thedesertvibes.com\\\/wp-content\\\/uploads\\\/2023\\\/02\\\/logo-pour-fond-blanc.png?fit=1755%2C1242&quality=80&ssl=1\",\"width\":1755,\"height\":1242,\"caption\":\"DESERT VIBES\"},\"image\":{\"@id\":\"https:\\\/\\\/www.thedesertvibes.com\\\/#\\\/schema\\\/logo\\\/image\\\/\"}}]}<\/script>\n<!-- \/ Yoast SEO Premium plugin. -->","yoast_head_json":{"title":"Datenschutzerkl\u00e4rung - Authentische, individuelle &amp; private W\u00fcstentouren &amp; Kamel-Trekking","robots":{"index":"index","follow":"follow","max-snippet":"max-snippet:-1","max-image-preview":"max-image-preview:large","max-video-preview":"max-video-preview:-1"},"canonical":"https:\/\/www.thedesertvibes.com\/de\/privacy-policy\/","og_locale":"de_DE","og_type":"article","og_title":"Privacy Policy","og_description":"Privacy Policy (07.04.2025) This privacy policy informs you about the collection, processing, and use of personal data when visiting our website or using our services. 1. Data Controller Desert VibesMail: thedesertvibes@gmail.com\u00a0 \u00a0 \u00a0 2. What data do we collect? We collect the following personal data when you visit our website or book a tour:&#8211; First [&hellip;]","og_url":"https:\/\/www.thedesertvibes.com\/de\/privacy-policy\/","og_site_name":"Authentic, Individual &amp; Private Desert Tours &amp; Camel Trekking","article_modified_time":"2025-04-07T22:02:16+00:00","og_image":[{"width":2560,"height":1707,"url":"https:\/\/www.thedesertvibes.com\/wp-content\/uploads\/2024\/08\/DSCF2022-Enhanced-NR-1-scaled.jpg","type":"image\/jpeg"}],"twitter_card":"summary_large_image","twitter_misc":{"Gesch\u00e4tzte Lesezeit":"2\u00a0Minuten"},"schema":{"@context":"https:\/\/schema.org","@graph":[{"@type":"WebPage","@id":"https:\/\/www.thedesertvibes.com\/privacy-policy\/","url":"https:\/\/www.thedesertvibes.com\/privacy-policy\/","name":"Datenschutzerkl\u00e4rung - Authentische, individuelle &amp; private W\u00fcstentouren &amp; Kamel-Trekking","isPartOf":{"@id":"https:\/\/www.thedesertvibes.com\/#website"},"primaryImageOfPage":{"@id":"https:\/\/www.thedesertvibes.com\/privacy-policy\/#primaryimage"},"image":{"@id":"https:\/\/www.thedesertvibes.com\/privacy-policy\/#primaryimage"},"thumbnailUrl":"https:\/\/i0.wp.com\/www.thedesertvibes.com\/wp-content\/uploads\/2024\/08\/DSCF2022-Enhanced-NR-1-scaled.jpg?fit=2560%2C1707&ssl=1","datePublished":"2020-03-31T11:01:23+00:00","dateModified":"2025-04-07T22:02:16+00:00","breadcrumb":{"@id":"https:\/\/www.thedesertvibes.com\/privacy-policy\/#breadcrumb"},"inLanguage":"de","potentialAction":[{"@type":"ReadAction","target":["https:\/\/www.thedesertvibes.com\/privacy-policy\/"]}]},{"@type":"ImageObject","inLanguage":"de","@id":"https:\/\/www.thedesertvibes.com\/privacy-policy\/#primaryimage","url":"https:\/\/i0.wp.com\/www.thedesertvibes.com\/wp-content\/uploads\/2024\/08\/DSCF2022-Enhanced-NR-1-scaled.jpg?fit=2560%2C1707&ssl=1","contentUrl":"https:\/\/i0.wp.com\/www.thedesertvibes.com\/wp-content\/uploads\/2024\/08\/DSCF2022-Enhanced-NR-1-scaled.jpg?fit=2560%2C1707&ssl=1","width":2560,"height":1707,"caption":"fire in the desert"},{"@type":"BreadcrumbList","@id":"https:\/\/www.thedesertvibes.com\/privacy-policy\/#breadcrumb","itemListElement":[{"@type":"ListItem","position":1,"name":"Home","item":"https:\/\/www.thedesertvibes.com\/"},{"@type":"ListItem","position":2,"name":"Privacy Policy"}]},{"@type":"WebSite","@id":"https:\/\/www.thedesertvibes.com\/#website","url":"https:\/\/www.thedesertvibes.com\/","name":"Authentische, individuelle &amp; private W\u00fcstentouren, Kameltrekking &amp; Offroad-Abenteuer","description":"Desert Vibes","publisher":{"@id":"https:\/\/www.thedesertvibes.com\/#organization"},"potentialAction":[{"@type":"SearchAction","target":{"@type":"EntryPoint","urlTemplate":"https:\/\/www.thedesertvibes.com\/?s={search_term_string}"},"query-input":{"@type":"PropertyValueSpecification","valueRequired":true,"valueName":"search_term_string"}}],"inLanguage":"de"},{"@type":"Organization","@id":"https:\/\/www.thedesertvibes.com\/#organization","name":"DESERT VIBES","url":"https:\/\/www.thedesertvibes.com\/","logo":{"@type":"ImageObject","inLanguage":"de","@id":"https:\/\/www.thedesertvibes.com\/#\/schema\/logo\/image\/","url":"https:\/\/i0.wp.com\/www.thedesertvibes.com\/wp-content\/uploads\/2023\/02\/logo-pour-fond-blanc.png?fit=1755%2C1242&quality=80&ssl=1","contentUrl":"https:\/\/i0.wp.com\/www.thedesertvibes.com\/wp-content\/uploads\/2023\/02\/logo-pour-fond-blanc.png?fit=1755%2C1242&quality=80&ssl=1","width":1755,"height":1242,"caption":"DESERT VIBES"},"image":{"@id":"https:\/\/www.thedesertvibes.com\/#\/schema\/logo\/image\/"}}]}},"jetpack_sharing_enabled":true,"jetpack_shortlink":"https:\/\/wp.me\/PbmmAf-1bI","_links":{"self":[{"href":"https:\/\/www.thedesertvibes.com\/de\/wp-json\/wp\/v2\/pages\/4570","targetHints":{"allow":["GET"]}}],"collection":[{"href":"https:\/\/www.thedesertvibes.com\/de\/wp-json\/wp\/v2\/pages"}],"about":[{"href":"https:\/\/www.thedesertvibes.com\/de\/wp-json\/wp\/v2\/types\/page"}],"author":[{"embeddable":true,"href":"https:\/\/www.thedesertvibes.com\/de\/wp-json\/wp\/v2\/users\/2"}],"replies":[{"embeddable":true,"href":"https:\/\/www.thedesertvibes.com\/de\/wp-json\/wp\/v2\/comments?post=4570"}],"version-history":[{"count":0,"href":"https:\/\/www.thedesertvibes.com\/de\/wp-json\/wp\/v2\/pages\/4570\/revisions"}],"wp:featuredmedia":[{"embeddable":true,"href":"https:\/\/www.thedesertvibes.com\/de\/wp-json\/wp\/v2\/media\/6887"}],"wp:attachment":[{"href":"https:\/\/www.thedesertvibes.com\/de\/wp-json\/wp\/v2\/media?parent=4570"}],"curies":[{"name":"wp","href":"https:\/\/api.w.org\/{rel}","templated":true}]}}