{"id":6922,"date":"2024-09-01T16:04:14","date_gmt":"2024-09-01T16:04:14","guid":{"rendered":"https:\/\/www.thedesertvibes.com\/?page_id=6922"},"modified":"2026-04-11T13:02:59","modified_gmt":"2026-04-11T13:02:59","slug":"morocco-desert-booking","status":"publish","type":"page","link":"https:\/\/www.thedesertvibes.com\/de\/morocco-desert-booking\/","title":{"rendered":"Buchung"},"content":{"rendered":"<div data-elementor-type=\"wp-page\" data-elementor-id=\"6922\" class=\"elementor elementor-6922\">\n\t\t\t\t\t\t<section class=\"elementor-section elementor-top-section elementor-element elementor-element-21d6d938 elementor-section-full_width elementor-section-stretched elementor-section-height-min-height elementor-section-items-top elementor-section-height-default\" data-id=\"21d6d938\" data-element_type=\"section\" data-e-type=\"section\" data-settings=\"{&quot;stretch_section&quot;:&quot;section-stretched&quot;}\">\n\t\t\t\t\t\t<div class=\"elementor-container elementor-column-gap-no\">\n\t\t\t\t\t<div class=\"elementor-column elementor-col-100 elementor-top-column elementor-element elementor-element-c2340d9\" data-id=\"c2340d9\" data-element_type=\"column\" data-e-type=\"column\">\n\t\t\t<div class=\"elementor-widget-wrap elementor-element-populated\">\n\t\t\t\t\t\t<div class=\"elementor-element elementor-element-2934c245 elementor-widget elementor-widget-travio_about\" data-id=\"2934c245\" data-element_type=\"widget\" data-e-type=\"widget\" data-widget_type=\"travio_about.default\">\n\t\t\t\t<div class=\"elementor-widget-container\">\n\t\t\t\t\t\t\t\t<!-- about-style-two -->\r\n\t\t\t<section class=\"about-style-two\">\r\n\t\t\t\t<div class=\"pattern-layer\" ><\/div>\r\n\t\t\t\t<div class=\"auto-container\">\r\n\t\t\t\t\t<div class=\"row clearfix\">\r\n\t\t\t\t\t\t<div class=\"col-lg-6 col-md-12 col-sm-12 content-column\">\r\n\t\t\t\t\t\t\t<div class=\"content_block_1\">\r\n\t\t\t\t\t\t\t\t<div class=\"content-box\">\r\n\t\t\t\t\t\t\t\t\t<div class=\"sec-title\">\r\n\t\t\t\t\t\t\t\t\t\t<p>Marokko W\u00fcsten Erfahrung<\/p>\r\n\t\t\t\t\t\t\t\t\t\t<h2>Buche Deine - individuelle, private und authentische - W\u00fcstentour<\/h2>\r\n\t\t\t\t\t\t\t\t\t<\/div>\r\n\t\t\t\t\t\t\t\t\t<div class=\"text\">\r\n\t\t\t\t\t\t\t\t\t\t<p>Dein W\u00fcstenerlebnis in Marokko beginnt mit einer Nachricht. Egal, ob Du von Kameltrekking durch goldene D\u00fcnen tr\u00e4umst, Offroad 4x4 durch felsige T\u00e4ler fahren willst oder vielleicht an der Meeresbrise entspannen wollen - in jedem Fall gestaltest Dz mit uns Dein individuelles, privates und authentisches W\u00fcstenerlebnis. So setzen wir Deine Visionen, Tr\u00e4ume und Ideen in die Realit\u00e4t um. Beginne noch heute mit der Planung!\n\nIn K\u00fcrze kannst Du direkt hier auf dieser Seite buchen. In der Zwischenzeit kannst Du uns gerne kontaktieren - Dein W\u00fcstenerlebnis ist unsere Leidenschaft!<\/p>\r\n\t\t\t\t\t\t\t\t\t<\/div>\r\n\t\t\t\t\t\t\t\t\t<div class=\"btn-box\">\r\n\t\t\t\t\t\t\t\t\t\t<a href=\"https:\/\/www.thedesertvibes.com\/de\/contact\/\"   class=\"theme-btn\">Kontaktiere uns<\/a>\r\n\t\t\t\t\t\t\t\t\t<\/div>\r\n\t\t\t\t\t\t\t\t<\/div>\r\n\t\t\t\t\t\t\t<\/div>\r\n\t\t\t\t\t\t<\/div>\r\n\t\t\t\t\t\t<div class=\"col-lg-6 col-md-12 col-sm-12 image-column\">\r\n\t\t\t\t\t\t\t<div class=\"image_block_2\">\r\n\t\t\t\t\t\t\t\t<div class=\"image-box\">\r\n\t\t\t\t\t\t\t\t\t<div class=\"shape\">\r\n\t\t\t\t\t\t\t\t\t\t<div class=\"shape-1\" style=\"background-image: url();\"><\/div>\r\n\t\t\t\t\t\t\t\t\t\t<div class=\"shape-2\" style=\"background-image: url();\"><\/div>\r\n\t\t\t\t\t\t\t\t\t\t<div class=\"shape-3\" style=\"background-image: url();\"><\/div>\r\n\t\t\t\t\t\t\t\t\t<\/div>\r\n\t\t\t\t\t\t\t\t\t<figure class=\"image\">\r\n\t\t\t\t\t\t\t\t\t\t\t\t\t\t\t\t\t\t\t\t\t<img decoding=\"async\" src=\"https:\/\/i0.wp.com\/www.thedesertvibes.com\/wp-content\/uploads\/2024\/08\/DSCF2039-Enhanced-NR-1-scaled-e1753790414367.jpg?fit=700%2C450&#038;ssl=1\" alt=\"\">\r\n\t\t\t\t\t\t\t\t\t\t\t\t\t\t\t\t\t\t\t\t<\/figure>\r\n\t\t\t\t\t\t\t\t<\/div>\r\n\t\t\t\t\t\t\t<\/div>\r\n\t\t\t\t\t\t<\/div>\r\n\t\t\t\t\t<\/div>\r\n\t\t\t\t<\/div>\r\n\t\t\t<\/section>\r\n\t\t\t<!-- about-style-two end -->\r\n\t\t\t\t\t\t\t<\/div>\n\t\t\t\t<\/div>\n\t\t\t\t\t<\/div>\n\t\t<\/div>\n\t\t\t\t\t<\/div>\n\t\t<\/section>\n\t\t\t\t<section class=\"elementor-section elementor-top-section elementor-element elementor-element-ccf0fca elementor-section-boxed elementor-section-height-default elementor-section-height-default\" data-id=\"ccf0fca\" data-element_type=\"section\" data-e-type=\"section\">\n\t\t\t\t\t\t<div class=\"elementor-container elementor-column-gap-default\">\n\t\t\t\t\t<div class=\"elementor-column elementor-col-100 elementor-top-column elementor-element elementor-element-849717a\" data-id=\"849717a\" data-element_type=\"column\" data-e-type=\"column\">\n\t\t\t<div class=\"elementor-widget-wrap elementor-element-populated\">\n\t\t\t\t\t\t<div class=\"elementor-element elementor-element-4f94b65 elementor-widget elementor-widget-text-editor\" data-id=\"4f94b65\" data-element_type=\"widget\" data-e-type=\"widget\" data-widget_type=\"text-editor.default\">\n\t\t\t\t<div class=\"elementor-widget-container\">\n\t\t\t\t\t\t\t\t\t<h1>Dein individuelles, privates und authentisches W\u00fcstenerlebnis in Marokko<\/h1><p>Wir bieten keine Standardtouren an, sondern kreieren Dein individuelles, privates und authentisches Marokko-W\u00fcstenerlebnis, das Dein Tempo, Dein Stil und Deine Interessen widerspiegelt. Um das zu kl\u00e4ren, sag uns, wovon Du tr\u00e4umst:<\/p>\t\t\t\t\t\t\t\t<\/div>\n\t\t\t\t<\/div>\n\t\t\t\t\t<\/div>\n\t\t<\/div>\n\t\t\t\t\t<\/div>\n\t\t<\/section>\n\t\t\t\t<section class=\"elementor-section elementor-top-section elementor-element elementor-element-477bf2d elementor-section-boxed elementor-section-height-default elementor-section-height-default\" data-id=\"477bf2d\" data-element_type=\"section\" data-e-type=\"section\">\n\t\t\t\t\t\t<div class=\"elementor-container elementor-column-gap-default\">\n\t\t\t\t\t<div class=\"elementor-column elementor-col-16 elementor-top-column elementor-element elementor-element-efbd5c2\" data-id=\"efbd5c2\" data-element_type=\"column\" data-e-type=\"column\">\n\t\t\t<div class=\"elementor-widget-wrap elementor-element-populated\">\n\t\t\t\t\t\t<div class=\"elementor-element elementor-element-7dcab1f elementor-widget elementor-widget-text-editor\" data-id=\"7dcab1f\" data-element_type=\"widget\" data-e-type=\"widget\" data-widget_type=\"text-editor.default\">\n\t\t\t\t<div class=\"elementor-widget-container\">\n\t\t\t\t\t\t\t\t\t<h4>Startpunkt?<\/h4><p>Sag uns also, wovon Du tr\u00e4umst? Zum Beispiel Marrakesch, Agadir, M'hamid, Zagora oder andere St\u00e4dte - wir fangen dort an, wo Du in Marokko bist. Nach der Best\u00e4tigung lass uns einfach wissen, wo wir Dich abholen sollen, und Dein Marokko-W\u00fcstenerlebnis beginnt in dem Moment, in dem wir uns treffen. Schliesslich ist es Deine private Reise.<\/p>\t\t\t\t\t\t\t\t<\/div>\n\t\t\t\t<\/div>\n\t\t\t\t\t<\/div>\n\t\t<\/div>\n\t\t\t\t<div class=\"elementor-column elementor-col-16 elementor-top-column elementor-element elementor-element-b305415\" data-id=\"b305415\" data-element_type=\"column\" data-e-type=\"column\">\n\t\t\t<div class=\"elementor-widget-wrap elementor-element-populated\">\n\t\t\t\t\t\t<div class=\"elementor-element elementor-element-ac505d1 elementor-widget elementor-widget-text-editor\" data-id=\"ac505d1\" data-element_type=\"widget\" data-e-type=\"widget\" data-widget_type=\"text-editor.default\">\n\t\t\t\t<div class=\"elementor-widget-container\">\n\t\t\t\t\t\t\t\t\t<h4>Reiseziele in ganz Marokko?<\/h4><p>Als N\u00e4chstes wollen wir Reiseziele in ganz Marokko erkunden. Vom Norden bis in den tiefen S\u00fcden - entdecke pulsierende St\u00e4dte mit alten Medinas, K\u00fcstend\u00f6rfer am Atlantik, majest\u00e4tische Bergt\u00e4ler im Atlasgebirge oder schliesslich die endlose Stille der Sahara zwischen den D\u00fcnen. Mit anderen Worten: Jeder Halt ist Teil Deines einzigartigen W\u00fcstenerlebnisses in Marokko. Zus\u00e4tzlich k\u00f6nnen wir je nach Deinen Interessen lokale Highlights einbeziehen.\u00a0<\/p>\t\t\t\t\t\t\t\t<\/div>\n\t\t\t\t<\/div>\n\t\t\t\t\t<\/div>\n\t\t<\/div>\n\t\t\t\t<div class=\"elementor-column elementor-col-16 elementor-top-column elementor-element elementor-element-0b75245\" data-id=\"0b75245\" data-element_type=\"column\" data-e-type=\"column\">\n\t\t\t<div class=\"elementor-widget-wrap elementor-element-populated\">\n\t\t\t\t\t\t<div class=\"elementor-element elementor-element-2db6182 elementor-widget elementor-widget-text-editor\" data-id=\"2db6182\" data-element_type=\"widget\" data-e-type=\"widget\" data-widget_type=\"text-editor.default\">\n\t\t\t\t<div class=\"elementor-widget-container\">\n\t\t\t\t\t\t\t\t\t<h4>Dauer der Reise, Tage und N\u00e4chte?<\/h4><p>Ob eine magische, unvergessliche Nacht unter dem Sternenhimmel in der W\u00fcste oder eine zweiw\u00f6chige Reise durch Marokkos Landschaften mit allen Traditionen und Kulturen - Du bestimmst das Tempo, und wir gestalten den Weg in Deinem Rhythmus. Dabei geniesst noch gen\u00fcgend Flexibilit\u00e4t f\u00fcr Spontanit\u00e4t.<\/p>\t\t\t\t\t\t\t\t<\/div>\n\t\t\t\t<\/div>\n\t\t\t\t\t<\/div>\n\t\t<\/div>\n\t\t\t\t<div class=\"elementor-column elementor-col-16 elementor-top-column elementor-element elementor-element-1380c05\" data-id=\"1380c05\" data-element_type=\"column\" data-e-type=\"column\">\n\t\t\t<div class=\"elementor-widget-wrap elementor-element-populated\">\n\t\t\t\t\t\t<div class=\"elementor-element elementor-element-197f463 elementor-widget elementor-widget-text-editor\" data-id=\"197f463\" data-element_type=\"widget\" data-e-type=\"widget\" data-widget_type=\"text-editor.default\">\n\t\t\t\t<div class=\"elementor-widget-container\">\n\t\t\t\t\t\t\t\t\t<h4>Ihr Reisestil, Ihre Wahl?<\/h4><p>Mit oder ohne Mittagessen? Offroad 4\u00d74 oder Kameltrekking? Wildes Zelten in der ruhigen Natur der Sahara oder Entspannung in einem W\u00fcstencamp zwischen den D\u00fcnen? Ein gem\u00fctliches Familieng\u00e4stehaus, ein traditionelles marokkanisches Riad oder alternativ ein Luxushotel oder eine \u00d6kolodge? Je nach Deinen Vorlieben und je nachdem, wof\u00fcr Du Dich nach unseren Empfehlungen entscheidst, werden wir Dein W\u00fcstenerlebnis in Marokko darauf abstimmen. Ausserdem sorgen wir daf\u00fcr, dass Komfort und Authentizit\u00e4t Hand in Hand gehen.\u00a0<\/p>\t\t\t\t\t\t\t\t<\/div>\n\t\t\t\t<\/div>\n\t\t\t\t\t<\/div>\n\t\t<\/div>\n\t\t\t\t<div class=\"elementor-column elementor-col-16 elementor-top-column elementor-element elementor-element-eefde04\" data-id=\"eefde04\" data-element_type=\"column\" data-e-type=\"column\">\n\t\t\t<div class=\"elementor-widget-wrap elementor-element-populated\">\n\t\t\t\t\t\t<div class=\"elementor-element elementor-element-0b24055 elementor-widget elementor-widget-text-editor\" data-id=\"0b24055\" data-element_type=\"widget\" data-e-type=\"widget\" data-widget_type=\"text-editor.default\">\n\t\t\t\t<div class=\"elementor-widget-container\">\n\t\t\t\t\t\t\t\t\t<h4>Mehr Erinnerungen, Ihre Optionen?<\/h4><p>Grenzenlos. M\u00f6chtest Du zum Beispiel verborgene Sch\u00e4tze entdecken, lokale Traditionen und Kulturen erforschen, indem Du Kooperativen f\u00fcr Argan\u00f6l, Rosendestillation, Safranfelder, traditionelle Teppich- und T\u00f6pferwerkst\u00e4tten oder Nomadenfamilien in der W\u00fcste besuchst, ein Picknick in der Oase geniesst oder den Sonnenuntergang bei einem Kamelritt erlebst? Teile uns einfach Deine Ideen mit, und wir setzen sie in die Tat um.  Diese Momente bleiben Dein Leben lang in Erinnerung.<\/p>\t\t\t\t\t\t\t\t<\/div>\n\t\t\t\t<\/div>\n\t\t\t\t\t<\/div>\n\t\t<\/div>\n\t\t\t\t<div class=\"elementor-column elementor-col-16 elementor-top-column elementor-element elementor-element-f469fe1\" data-id=\"f469fe1\" data-element_type=\"column\" data-e-type=\"column\">\n\t\t\t<div class=\"elementor-widget-wrap elementor-element-populated\">\n\t\t\t\t\t\t<div class=\"elementor-element elementor-element-3c2884e elementor-widget elementor-widget-text-editor\" data-id=\"3c2884e\" data-element_type=\"widget\" data-e-type=\"widget\" data-widget_type=\"text-editor.default\">\n\t\t\t\t<div class=\"elementor-widget-container\">\n\t\t\t\t\t\t\t\t\t<h4>F\u00fcr einmalige Anl\u00e4sse, besondere W\u00fcnsche?<\/h4><p>Vor allem, wenn Du einen besonderen pers\u00f6nlichen Anlass wie Flitterwochen, Geburtstag, Geschenk oder R\u00fcckzug planen - lass es uns wissen. Denn wir lieben es, Dein W\u00fcstenerlebnis in Marokko mit Bedeutung zu f\u00fcllen. In der Tat kommen viele unserer Reisenden zur\u00fcck, um wieder zu feiern.\u00a0<\/p>\t\t\t\t\t\t\t\t<\/div>\n\t\t\t\t<\/div>\n\t\t\t\t\t<\/div>\n\t\t<\/div>\n\t\t\t\t\t<\/div>\n\t\t<\/section>\n\t\t\t\t<section class=\"elementor-section elementor-top-section elementor-element elementor-element-13c5827 elementor-section-boxed elementor-section-height-default elementor-section-height-default\" data-id=\"13c5827\" data-element_type=\"section\" data-e-type=\"section\">\n\t\t\t\t\t\t<div class=\"elementor-container elementor-column-gap-default\">\n\t\t\t\t\t<div class=\"elementor-column elementor-col-100 elementor-top-column elementor-element elementor-element-493781a\" data-id=\"493781a\" data-element_type=\"column\" data-e-type=\"column\">\n\t\t\t<div class=\"elementor-widget-wrap elementor-element-populated\">\n\t\t\t\t\t\t<div class=\"elementor-element elementor-element-db4a697 elementor-widget elementor-widget-text-editor\" data-id=\"db4a697\" data-element_type=\"widget\" data-e-type=\"widget\" data-widget_type=\"text-editor.default\">\n\t\t\t\t<div class=\"elementor-widget-container\">\n\t\t\t\t\t\t\t\t\t<h2>Etwas Inspiration f\u00fcr Dein Marokko-W\u00fcstenerlebnis?<\/h2><p>Wirf zur Inspiration einen Blick auf unsere vorgestellten <a href=\"https:\/\/www.thedesertvibes.com\/de\/tour\/\">W\u00fcstentouren<\/a> f\u00fcr Visionen, Tr\u00e4ume und Ideen - was Du siehst, ist nur ein kleiner Vorgeschmack auf das, was m\u00f6glich ist. Ganz gleich, ob Du ein Wochenende zum Durchatmen und Auftanken suchen oder sich einen kreativen R\u00fcckzugsort unter dem Vollmond und den Sternen in der ruhigen W\u00fcste oder ein romantisches W\u00fcstendinner fernab der Menschenmassen f\u00fcr Deine Ferien, Auszeit oder Deine Flitterwochen vorstellst - wir werden Dein W\u00fcstenerlebnis in Marokko ganz nach Deine W\u00fcnschen gestalten. Denn keine Reise gleicht der anderen, und das macht die Sch\u00f6nheit unseres Angebots aus. Tats\u00e4chlich wird Dein Erlebnis immer Deine Geschichte widerspiegeln.<\/p><p>\u00a0<\/p><h3 class=\"western\">Beginnen wir mit Deiner individuellen Marokko-W\u00fcstenerfahrung<\/h3><p>Alles in allem, <strong>Dein individuelles, authentisches und privates Marokko-W\u00fcstenerlebnis <\/strong>beginnt mit einer Nachricht. Teile uns zun\u00e4chst Deine W\u00fcnsche, Tr\u00e4ume und Vorstellungen mit - und wir kreieren daraus Deine unvergessliche Reise durch Marokko. Oder nimm jetzt Kontakt mit uns auf, <a href=\"https:\/\/www.thedesertvibes.com\/de\/wustentouren-marokko\/\">Kontaktiere uns<\/a> per Nachricht, Mail an <a href=\"https:\/\/g.co\/kgs\/PUCD1zc\">Google<\/a>findest Du in unserem <a href=\"https:\/\/www.tripadvisor.ch\/Attraction_Review-g664990-d15078316-Reviews-Desert_Vibes-M_Hamid_Souss_Massa.html\">TripAdvisor<\/a> oder <a href=\"https:\/\/wa.me\/41796501701\">WhatsApp<\/a>und gemeinsam verwandeln wir Deine W\u00fcnsche und Tr\u00e4ume in ein unvergessliches W\u00fcstenerlebnis. Vor allem wollen wir, dass Du die Magie der W\u00fcste auf Deine Weise erleben.<\/p>\t\t\t\t\t\t\t\t<\/div>\n\t\t\t\t<\/div>\n\t\t\t\t\t<\/div>\n\t\t<\/div>\n\t\t\t\t\t<\/div>\n\t\t<\/section>\n\t\t\t\t<\/div>","protected":false},"excerpt":{"rendered":"<p>MOROCCO DESERT Experience Book Your &#8211; Individual, Private and Authentic &#8211; Desert Tour To start with, your Morocco desert experience begins with one message. No matter if you dream of camel trekking through golden dunes, driving Offroad 4&#215;4 across rocky valleys, or maybe relaxing by the ocean breeze \u2014 in any case, design your individual, [&hellip;]<\/p>\n","protected":false},"author":2,"featured_media":6887,"parent":0,"menu_order":0,"comment_status":"closed","ping_status":"closed","template":"elementor_header_footer","meta":{"footnotes":""},"class_list":["post-6922","page","type-page","status-publish","has-post-thumbnail","hentry"],"yoast_head":"<!-- This site is optimized with the Yoast SEO Premium plugin v27.4 (Yoast SEO v27.4) - https:\/\/yoast.com\/product\/yoast-seo-premium-wordpress\/ -->\n<title>Morocco Desert Experience - Design Your Individual Tour<\/title>\n<meta name=\"description\" content=\"Book your Morocco desert experience: camel trekking, 4\u00d74 tours, hidden gems &amp; more. Custom tours from any city \u2013 contact us now!\" \/>\n<meta name=\"robots\" content=\"index, follow, max-snippet:-1, max-image-preview:large, max-video-preview:-1\" \/>\n<link rel=\"canonical\" href=\"https:\/\/www.thedesertvibes.com\/de\/morocco-desert-booking\/\" \/>\n<meta property=\"og:locale\" content=\"de_DE\" \/>\n<meta property=\"og:type\" content=\"article\" \/>\n<meta property=\"og:title\" content=\"Booking\" \/>\n<meta property=\"og:description\" content=\"Book your Morocco desert experience: camel trekking, 4\u00d74 tours, hidden gems &amp; more. Custom tours from any city \u2013 contact us now!\" \/>\n<meta property=\"og:url\" content=\"https:\/\/www.thedesertvibes.com\/de\/morocco-desert-booking\/\" \/>\n<meta property=\"og:site_name\" content=\"Authentic, Individual &amp; Private Desert Tours &amp; Camel Trekking\" \/>\n<meta property=\"article:modified_time\" content=\"2026-04-11T13:02:59+00:00\" \/>\n<meta property=\"og:image\" content=\"https:\/\/www.thedesertvibes.com\/wp-content\/uploads\/2024\/08\/DSCF2022-Enhanced-NR-1-scaled.jpg\" \/>\n\t<meta property=\"og:image:width\" content=\"2560\" \/>\n\t<meta property=\"og:image:height\" content=\"1707\" \/>\n\t<meta property=\"og:image:type\" content=\"image\/jpeg\" \/>\n<meta name=\"twitter:card\" content=\"summary_large_image\" \/>\n<meta name=\"twitter:label1\" content=\"Gesch\u00e4tzte Lesezeit\" \/>\n\t<meta name=\"twitter:data1\" content=\"4\u00a0Minuten\" \/>\n<script type=\"application\/ld+json\" class=\"yoast-schema-graph\">{\"@context\":\"https:\\\/\\\/schema.org\",\"@graph\":[{\"@type\":\"WebPage\",\"@id\":\"https:\\\/\\\/www.thedesertvibes.com\\\/en\\\/morocco-desert-booking\\\/\",\"url\":\"https:\\\/\\\/www.thedesertvibes.com\\\/en\\\/morocco-desert-booking\\\/\",\"name\":\"Morocco Desert Experience - Design Your Individual Tour\",\"isPartOf\":{\"@id\":\"https:\\\/\\\/www.thedesertvibes.com\\\/#website\"},\"primaryImageOfPage\":{\"@id\":\"https:\\\/\\\/www.thedesertvibes.com\\\/en\\\/morocco-desert-booking\\\/#primaryimage\"},\"image\":{\"@id\":\"https:\\\/\\\/www.thedesertvibes.com\\\/en\\\/morocco-desert-booking\\\/#primaryimage\"},\"thumbnailUrl\":\"https:\\\/\\\/i0.wp.com\\\/www.thedesertvibes.com\\\/wp-content\\\/uploads\\\/2024\\\/08\\\/DSCF2022-Enhanced-NR-1-scaled.jpg?fit=2560%2C1707&ssl=1\",\"datePublished\":\"2024-09-01T16:04:14+00:00\",\"dateModified\":\"2026-04-11T13:02:59+00:00\",\"description\":\"Book your Morocco desert experience: camel trekking, 4\u00d74 tours, hidden gems & more. Custom tours from any city \u2013 contact us now!\",\"breadcrumb\":{\"@id\":\"https:\\\/\\\/www.thedesertvibes.com\\\/en\\\/morocco-desert-booking\\\/#breadcrumb\"},\"inLanguage\":\"de\",\"potentialAction\":[{\"@type\":\"ReadAction\",\"target\":[\"https:\\\/\\\/www.thedesertvibes.com\\\/en\\\/morocco-desert-booking\\\/\"]}]},{\"@type\":\"ImageObject\",\"inLanguage\":\"de\",\"@id\":\"https:\\\/\\\/www.thedesertvibes.com\\\/en\\\/morocco-desert-booking\\\/#primaryimage\",\"url\":\"https:\\\/\\\/i0.wp.com\\\/www.thedesertvibes.com\\\/wp-content\\\/uploads\\\/2024\\\/08\\\/DSCF2022-Enhanced-NR-1-scaled.jpg?fit=2560%2C1707&ssl=1\",\"contentUrl\":\"https:\\\/\\\/i0.wp.com\\\/www.thedesertvibes.com\\\/wp-content\\\/uploads\\\/2024\\\/08\\\/DSCF2022-Enhanced-NR-1-scaled.jpg?fit=2560%2C1707&ssl=1\",\"width\":2560,\"height\":1707,\"caption\":\"fire in the desert\"},{\"@type\":\"BreadcrumbList\",\"@id\":\"https:\\\/\\\/www.thedesertvibes.com\\\/en\\\/morocco-desert-booking\\\/#breadcrumb\",\"itemListElement\":[{\"@type\":\"ListItem\",\"position\":1,\"name\":\"Home\",\"item\":\"https:\\\/\\\/www.thedesertvibes.com\\\/\"},{\"@type\":\"ListItem\",\"position\":2,\"name\":\"Booking\"}]},{\"@type\":\"WebSite\",\"@id\":\"https:\\\/\\\/www.thedesertvibes.com\\\/#website\",\"url\":\"https:\\\/\\\/www.thedesertvibes.com\\\/\",\"name\":\"Authentic, Individual & Private Desert Tours, Camel Trekking & Offroad Adventures\",\"description\":\"Desert Vibes\",\"publisher\":{\"@id\":\"https:\\\/\\\/www.thedesertvibes.com\\\/#organization\"},\"potentialAction\":[{\"@type\":\"SearchAction\",\"target\":{\"@type\":\"EntryPoint\",\"urlTemplate\":\"https:\\\/\\\/www.thedesertvibes.com\\\/?s={search_term_string}\"},\"query-input\":{\"@type\":\"PropertyValueSpecification\",\"valueRequired\":true,\"valueName\":\"search_term_string\"}}],\"inLanguage\":\"de\"},{\"@type\":\"Organization\",\"@id\":\"https:\\\/\\\/www.thedesertvibes.com\\\/#organization\",\"name\":\"DESERT VIBES\",\"url\":\"https:\\\/\\\/www.thedesertvibes.com\\\/\",\"logo\":{\"@type\":\"ImageObject\",\"inLanguage\":\"de\",\"@id\":\"https:\\\/\\\/www.thedesertvibes.com\\\/#\\\/schema\\\/logo\\\/image\\\/\",\"url\":\"https:\\\/\\\/i0.wp.com\\\/www.thedesertvibes.com\\\/wp-content\\\/uploads\\\/2023\\\/02\\\/logo-pour-fond-blanc.png?fit=1755%2C1242&quality=80&ssl=1\",\"contentUrl\":\"https:\\\/\\\/i0.wp.com\\\/www.thedesertvibes.com\\\/wp-content\\\/uploads\\\/2023\\\/02\\\/logo-pour-fond-blanc.png?fit=1755%2C1242&quality=80&ssl=1\",\"width\":1755,\"height\":1242,\"caption\":\"DESERT VIBES\"},\"image\":{\"@id\":\"https:\\\/\\\/www.thedesertvibes.com\\\/#\\\/schema\\\/logo\\\/image\\\/\"}}]}<\/script>\n<!-- \/ Yoast SEO Premium plugin. -->","yoast_head_json":{"title":"Marokko W\u00fcstenerlebnis - Gestalten Sie Ihre individuelle Tour","description":"Buchen Sie Ihr W\u00fcstenerlebnis in Marokko: Kameltrekking, 4\u00d74-Touren, versteckte Juwelen &amp; mehr. Individuelle Touren von jeder Stadt aus - kontaktieren Sie uns jetzt!","robots":{"index":"index","follow":"follow","max-snippet":"max-snippet:-1","max-image-preview":"max-image-preview:large","max-video-preview":"max-video-preview:-1"},"canonical":"https:\/\/www.thedesertvibes.com\/de\/morocco-desert-booking\/","og_locale":"de_DE","og_type":"article","og_title":"Booking","og_description":"Book your Morocco desert experience: camel trekking, 4\u00d74 tours, hidden gems & more. Custom tours from any city \u2013 contact us now!","og_url":"https:\/\/www.thedesertvibes.com\/de\/morocco-desert-booking\/","og_site_name":"Authentic, Individual &amp; Private Desert Tours &amp; Camel Trekking","article_modified_time":"2026-04-11T13:02:59+00:00","og_image":[{"width":2560,"height":1707,"url":"https:\/\/www.thedesertvibes.com\/wp-content\/uploads\/2024\/08\/DSCF2022-Enhanced-NR-1-scaled.jpg","type":"image\/jpeg"}],"twitter_card":"summary_large_image","twitter_misc":{"Gesch\u00e4tzte Lesezeit":"4\u00a0Minuten"},"schema":{"@context":"https:\/\/schema.org","@graph":[{"@type":"WebPage","@id":"https:\/\/www.thedesertvibes.com\/en\/morocco-desert-booking\/","url":"https:\/\/www.thedesertvibes.com\/en\/morocco-desert-booking\/","name":"Marokko W\u00fcstenerlebnis - Gestalten Sie Ihre individuelle Tour","isPartOf":{"@id":"https:\/\/www.thedesertvibes.com\/#website"},"primaryImageOfPage":{"@id":"https:\/\/www.thedesertvibes.com\/en\/morocco-desert-booking\/#primaryimage"},"image":{"@id":"https:\/\/www.thedesertvibes.com\/en\/morocco-desert-booking\/#primaryimage"},"thumbnailUrl":"https:\/\/i0.wp.com\/www.thedesertvibes.com\/wp-content\/uploads\/2024\/08\/DSCF2022-Enhanced-NR-1-scaled.jpg?fit=2560%2C1707&ssl=1","datePublished":"2024-09-01T16:04:14+00:00","dateModified":"2026-04-11T13:02:59+00:00","description":"Buchen Sie Ihr W\u00fcstenerlebnis in Marokko: Kameltrekking, 4\u00d74-Touren, versteckte Juwelen &amp; mehr. Individuelle Touren von jeder Stadt aus - kontaktieren Sie uns jetzt!","breadcrumb":{"@id":"https:\/\/www.thedesertvibes.com\/en\/morocco-desert-booking\/#breadcrumb"},"inLanguage":"de","potentialAction":[{"@type":"ReadAction","target":["https:\/\/www.thedesertvibes.com\/en\/morocco-desert-booking\/"]}]},{"@type":"ImageObject","inLanguage":"de","@id":"https:\/\/www.thedesertvibes.com\/en\/morocco-desert-booking\/#primaryimage","url":"https:\/\/i0.wp.com\/www.thedesertvibes.com\/wp-content\/uploads\/2024\/08\/DSCF2022-Enhanced-NR-1-scaled.jpg?fit=2560%2C1707&ssl=1","contentUrl":"https:\/\/i0.wp.com\/www.thedesertvibes.com\/wp-content\/uploads\/2024\/08\/DSCF2022-Enhanced-NR-1-scaled.jpg?fit=2560%2C1707&ssl=1","width":2560,"height":1707,"caption":"fire in the desert"},{"@type":"BreadcrumbList","@id":"https:\/\/www.thedesertvibes.com\/en\/morocco-desert-booking\/#breadcrumb","itemListElement":[{"@type":"ListItem","position":1,"name":"Home","item":"https:\/\/www.thedesertvibes.com\/"},{"@type":"ListItem","position":2,"name":"Booking"}]},{"@type":"WebSite","@id":"https:\/\/www.thedesertvibes.com\/#website","url":"https:\/\/www.thedesertvibes.com\/","name":"Authentische, individuelle &amp; private W\u00fcstentouren, Kameltrekking &amp; Offroad-Abenteuer","description":"Desert Vibes","publisher":{"@id":"https:\/\/www.thedesertvibes.com\/#organization"},"potentialAction":[{"@type":"SearchAction","target":{"@type":"EntryPoint","urlTemplate":"https:\/\/www.thedesertvibes.com\/?s={search_term_string}"},"query-input":{"@type":"PropertyValueSpecification","valueRequired":true,"valueName":"search_term_string"}}],"inLanguage":"de"},{"@type":"Organization","@id":"https:\/\/www.thedesertvibes.com\/#organization","name":"DESERT VIBES","url":"https:\/\/www.thedesertvibes.com\/","logo":{"@type":"ImageObject","inLanguage":"de","@id":"https:\/\/www.thedesertvibes.com\/#\/schema\/logo\/image\/","url":"https:\/\/i0.wp.com\/www.thedesertvibes.com\/wp-content\/uploads\/2023\/02\/logo-pour-fond-blanc.png?fit=1755%2C1242&quality=80&ssl=1","contentUrl":"https:\/\/i0.wp.com\/www.thedesertvibes.com\/wp-content\/uploads\/2023\/02\/logo-pour-fond-blanc.png?fit=1755%2C1242&quality=80&ssl=1","width":1755,"height":1242,"caption":"DESERT VIBES"},"image":{"@id":"https:\/\/www.thedesertvibes.com\/#\/schema\/logo\/image\/"}}]}},"jetpack_sharing_enabled":true,"jetpack_shortlink":"https:\/\/wp.me\/PbmmAf-1NE","_links":{"self":[{"href":"https:\/\/www.thedesertvibes.com\/de\/wp-json\/wp\/v2\/pages\/6922","targetHints":{"allow":["GET"]}}],"collection":[{"href":"https:\/\/www.thedesertvibes.com\/de\/wp-json\/wp\/v2\/pages"}],"about":[{"href":"https:\/\/www.thedesertvibes.com\/de\/wp-json\/wp\/v2\/types\/page"}],"author":[{"embeddable":true,"href":"https:\/\/www.thedesertvibes.com\/de\/wp-json\/wp\/v2\/users\/2"}],"replies":[{"embeddable":true,"href":"https:\/\/www.thedesertvibes.com\/de\/wp-json\/wp\/v2\/comments?post=6922"}],"version-history":[{"count":3,"href":"https:\/\/www.thedesertvibes.com\/de\/wp-json\/wp\/v2\/pages\/6922\/revisions"}],"predecessor-version":[{"id":9858,"href":"https:\/\/www.thedesertvibes.com\/de\/wp-json\/wp\/v2\/pages\/6922\/revisions\/9858"}],"wp:featuredmedia":[{"embeddable":true,"href":"https:\/\/www.thedesertvibes.com\/de\/wp-json\/wp\/v2\/media\/6887"}],"wp:attachment":[{"href":"https:\/\/www.thedesertvibes.com\/de\/wp-json\/wp\/v2\/media?parent=6922"}],"curies":[{"name":"wp","href":"https:\/\/api.w.org\/{rel}","templated":true}]}}